{"id":292122,"date":"2025-10-30T10:36:08","date_gmt":"2025-10-30T08:36:08","guid":{"rendered":"https:\/\/chulointeriors.com\/product\/cubiertos-neo-negro-24-piezas-6-personas\/"},"modified":"2025-10-30T12:29:12","modified_gmt":"2025-10-30T10:29:12","slug":"cubiertos-neo-negro-24-piezas-6-personas","status":"publish","type":"product","link":"https:\/\/chulointeriors.com\/es\/product\/cubiertos-neo-negro-24-piezas-6-personas\/","title":{"rendered":"Cubiertos Neo Negro 24 piezas \/ 6 personas"},"content":{"rendered":"<p><strong>Lavarse las manos:<\/strong><\/p>\n<ul>\n<li>Utilizar agua tibia a caliente, jab\u00f3n neutro y una esponja o pa\u00f1o suave.<\/li>\n<li>Para mantener o recuperar el brillo original y eliminar las manchas causadas por un lavado inadecuado, utilice un pa\u00f1o suave con unas gotas de zumo de lim\u00f3n o alcohol et\u00edlico<\/li>\n<li>Tenga especial cuidado con las hojas de los cuchillos.<\/li>\n<li>Debido a su alto poder de corte, son m\u00e1s susceptibles a la oxidaci\u00f3n y deben secarse inmediatamente despu\u00e9s del lavado.<\/li>\n<li>Despu\u00e9s de cada uso, retire los restos de comida para evitar un contacto prolongado con los cubiertos.<\/li>\n<\/ul>\n<p><strong>Lavado a m\u00e1quina:<\/strong><\/p>\n<ul>\n<li>Evite jabones y detergentes abrasivos<\/li>\n<li>Coloque todos los cubiertos en la cesta de cubiertos de la lavadora con los mangos hacia abajo y separe los cuchillos de los dem\u00e1s<\/li>\n<li>Recomendamos encarecidamente que, despu\u00e9s de cada ciclo de lavado, se saquen todos los cubiertos de la lavadora y se sequen inmediatamente con un pa\u00f1o suave.<\/li>\n<li>Mantener alejados de otros objetos met\u00e1licos durante el ciclo de lavado<\/li>\n<li>Para mantener o recuperar el brillo original y eliminar las manchas causadas por un lavado inadecuado, utilice un pa\u00f1o suave con unas gotas de zumo de lim\u00f3n o alcohol et\u00edlico<\/li>\n<\/ul>\n","protected":false},"excerpt":{"rendered":"<p><strong>BELO INOX \u2013 NEO \u2013 Juego de Cubiertos de 24 Piezas con Estuche de Madera<\/strong><\/p>\n<p>Este sofisticado juego de cubiertos de la colecci\u00f3n <strong>Belo Inox<\/strong> est\u00e1 dise\u00f1ado para 6 personas y combina un dise\u00f1o minimalista con funcionalidad diaria. Viene en un elegante estuche de madera, ideal para regalo o almacenamiento.<\/p>\n<p><strong>Incluye (para 6 personas):<\/strong><br \/>6 cuchillos de mesa<br \/>6 tenedores de mesa<br \/>6 cucharas soperas<br \/>6 cucharillas de caf\u00e9<\/p>\n<p><strong>Material:<\/strong> Acero inoxidable y pl\u00e1stico<\/p>\n<p><strong>Caracter\u00edsticas:<\/strong><br \/>\u2013 Dise\u00f1o sencillo y elegante<br \/>\u2013 Materiales seguros para contacto alimentario<br \/>\u2013 Apto para lavavajillas<\/p>\n","protected":false},"featured_media":291244,"comment_status":"open","ping_status":"closed","template":"","meta":{"_et_pb_use_builder":"","_et_pb_old_content":"","_et_gb_content_width":""},"product_brand":[],"product_cat":[750],"product_tag":[],"class_list":{"0":"post-292122","1":"product","2":"type-product","3":"status-publish","4":"has-post-thumbnail","6":"product_cat-establece","8":"first","9":"instock","10":"shipping-taxable","11":"purchasable","12":"product-type-simple"},"_links":{"self":[{"href":"https:\/\/chulointeriors.com\/es\/wp-json\/wp\/v2\/product\/292122","targetHints":{"allow":["GET"]}}],"collection":[{"href":"https:\/\/chulointeriors.com\/es\/wp-json\/wp\/v2\/product"}],"about":[{"href":"https:\/\/chulointeriors.com\/es\/wp-json\/wp\/v2\/types\/product"}],"replies":[{"embeddable":true,"href":"https:\/\/chulointeriors.com\/es\/wp-json\/wp\/v2\/comments?post=292122"}],"wp:featuredmedia":[{"embeddable":true,"href":"https:\/\/chulointeriors.com\/es\/wp-json\/wp\/v2\/media\/291244"}],"wp:attachment":[{"href":"https:\/\/chulointeriors.com\/es\/wp-json\/wp\/v2\/media?parent=292122"}],"wp:term":[{"taxonomy":"product_brand","embeddable":true,"href":"https:\/\/chulointeriors.com\/es\/wp-json\/wp\/v2\/product_brand?post=292122"},{"taxonomy":"product_cat","embeddable":true,"href":"https:\/\/chulointeriors.com\/es\/wp-json\/wp\/v2\/product_cat?post=292122"},{"taxonomy":"product_tag","embeddable":true,"href":"https:\/\/chulointeriors.com\/es\/wp-json\/wp\/v2\/product_tag?post=292122"}],"curies":[{"name":"wp","href":"https:\/\/api.w.org\/{rel}","templated":true}]}}