{"id":292112,"date":"2023-08-21T13:10:25","date_gmt":"2023-08-21T11:10:25","guid":{"rendered":"https:\/\/chulointeriors.com\/product\/pantalla-tubo-40-beige\/"},"modified":"2024-03-21T13:05:42","modified_gmt":"2024-03-21T11:05:42","slug":"pantalla-tubo-40-beige","status":"publish","type":"product","link":"https:\/\/chulointeriors.com\/es\/product\/pantalla-tubo-40-beige\/","title":{"rendered":"Pantalla Tubo 40 Beige"},"content":{"rendered":"<p>BY EVE es una marca belga fundada en 2015 por la dise\u00f1adora de moda Sandra Peters.<\/p>\n<p>Ella experiment\u00f3 de primera mano lo mucho que tienen en com\u00fan la moda y el dise\u00f1o de interiores, y decidi\u00f3 dar el paso al mundo del interiorismo tras una larga carrera en la moda.<\/p>\n<p>Y con \u00e9xito. Lo que empez\u00f3 con las bombillas BY EVE se ha convertido en una colecci\u00f3n muy amplia y atmosf\u00e9rica, compuesta por l\u00e1mparas colgantes, l\u00e1mparas de sobremesa, l\u00e1mparas de pie y apliques de pared.<\/p>\n<p>BY EVE se distingue por la elegante sencillez de las bombillas, que da a los materiales y las formas la oportunidad de hablar por s\u00ed mismos. Esto las hace muy adecuadas para la mayor\u00eda de los interiores. La artesan\u00eda tambi\u00e9n est\u00e1 presente, ya que cada bombilla se sopla a boca, lo que da como resultado un art\u00edculo \u00fanico en cada ocasi\u00f3n.<\/p>\n<p>Por el momento, BY EVE vende su iluminaci\u00f3n interior en varios pa\u00edses, pero su ambicioso equipo no tiene intenci\u00f3n de detenerse ah\u00ed. Su misi\u00f3n es hacer felices a muchas m\u00e1s personas en todo el mundo gracias a la atractiva iluminaci\u00f3n BY EVE.<\/p>\n","protected":false},"excerpt":{"rendered":"<p>BY EVE es una marca belga fundada en 2015 por la dise\u00f1adora de moda Sandra Peters. Ella experiment\u00f3 de primera mano lo mucho que tienen en com\u00fan la moda y el dise\u00f1o de interiores, y decidi\u00f3 dar el paso al mundo del interiorismo tras una larga carrera en la moda. Y con \u00e9xito. Lo que [&hellip;]<\/p>\n","protected":false},"featured_media":291263,"comment_status":"open","ping_status":"closed","template":"","meta":{"_et_pb_use_builder":"","_et_pb_old_content":"","_et_gb_content_width":""},"product_brand":[],"product_cat":[786],"product_tag":[],"class_list":{"0":"post-292112","1":"product","2":"type-product","3":"status-publish","4":"has-post-thumbnail","6":"product_cat-lamparas-de-pared","8":"first","9":"outofstock","10":"shipping-taxable","11":"purchasable","12":"product-type-simple"},"_links":{"self":[{"href":"https:\/\/chulointeriors.com\/es\/wp-json\/wp\/v2\/product\/292112","targetHints":{"allow":["GET"]}}],"collection":[{"href":"https:\/\/chulointeriors.com\/es\/wp-json\/wp\/v2\/product"}],"about":[{"href":"https:\/\/chulointeriors.com\/es\/wp-json\/wp\/v2\/types\/product"}],"replies":[{"embeddable":true,"href":"https:\/\/chulointeriors.com\/es\/wp-json\/wp\/v2\/comments?post=292112"}],"wp:featuredmedia":[{"embeddable":true,"href":"https:\/\/chulointeriors.com\/es\/wp-json\/wp\/v2\/media\/291263"}],"wp:attachment":[{"href":"https:\/\/chulointeriors.com\/es\/wp-json\/wp\/v2\/media?parent=292112"}],"wp:term":[{"taxonomy":"product_brand","embeddable":true,"href":"https:\/\/chulointeriors.com\/es\/wp-json\/wp\/v2\/product_brand?post=292112"},{"taxonomy":"product_cat","embeddable":true,"href":"https:\/\/chulointeriors.com\/es\/wp-json\/wp\/v2\/product_cat?post=292112"},{"taxonomy":"product_tag","embeddable":true,"href":"https:\/\/chulointeriors.com\/es\/wp-json\/wp\/v2\/product_tag?post=292112"}],"curies":[{"name":"wp","href":"https:\/\/api.w.org\/{rel}","templated":true}]}}