{"id":292108,"date":"2023-08-21T13:49:50","date_gmt":"2023-08-21T11:49:50","guid":{"rendered":"https:\/\/chulointeriors.com\/product\/jabon-de-bergamota-de-calabria-500-ml\/"},"modified":"2024-03-21T13:24:22","modified_gmt":"2024-03-21T11:24:22","slug":"jabon-de-bergamota-de-calabria-500-ml","status":"publish","type":"product","link":"https:\/\/chulointeriors.com\/es\/product\/jabon-de-bergamota-de-calabria-500-ml\/","title":{"rendered":"Jab\u00f3n de Bergamota de Calabria 500 ml"},"content":{"rendered":"<p>Fabricantes de velas arom\u00e1ticas y a medida desde 1899, manteniendo procesos centenarios que han pasado de generaci\u00f3n en generaci\u00f3n. Una tradici\u00f3n que permanece m\u00e1s viva que nunca, garantizando una exquisita producci\u00f3n y una calidad insuperable.<\/p>\n<p>Bergamotto di Calabria. El c\u00e1lido s\u00e1ndalo de Mysore combinado con la vigorosa frescura del Bergamotto di Calabria aporta matices de cardamomo y lim\u00f3n que le transportan a esta isla mediterr\u00e1nea.<\/p>\n<p>El dise\u00f1o es muy limpio y moderno, encaja con cualquier mobiliario y estilo.<\/p>\n","protected":false},"excerpt":{"rendered":"<p>Fabricantes de velas arom\u00e1ticas y a medida desde 1899, manteniendo procesos centenarios que han pasado de generaci\u00f3n en generaci\u00f3n. Una tradici\u00f3n que permanece m\u00e1s viva que nunca, garantizando una exquisita producci\u00f3n y una calidad insuperable. Bergamotto di Calabria. El c\u00e1lido s\u00e1ndalo de Mysore combinado con la vigorosa frescura del Bergamotto di Calabria aporta matices de [&hellip;]<\/p>\n","protected":false},"featured_media":291272,"comment_status":"open","ping_status":"closed","template":"","meta":{"_et_pb_use_builder":"","_et_pb_old_content":"","_et_gb_content_width":""},"product_brand":[],"product_cat":[763],"product_tag":[],"class_list":{"0":"post-292108","1":"product","2":"type-product","3":"status-publish","4":"has-post-thumbnail","6":"product_cat-jabon","8":"first","9":"instock","10":"sale","11":"shipping-taxable","12":"purchasable","13":"product-type-simple"},"_links":{"self":[{"href":"https:\/\/chulointeriors.com\/es\/wp-json\/wp\/v2\/product\/292108","targetHints":{"allow":["GET"]}}],"collection":[{"href":"https:\/\/chulointeriors.com\/es\/wp-json\/wp\/v2\/product"}],"about":[{"href":"https:\/\/chulointeriors.com\/es\/wp-json\/wp\/v2\/types\/product"}],"replies":[{"embeddable":true,"href":"https:\/\/chulointeriors.com\/es\/wp-json\/wp\/v2\/comments?post=292108"}],"wp:featuredmedia":[{"embeddable":true,"href":"https:\/\/chulointeriors.com\/es\/wp-json\/wp\/v2\/media\/291272"}],"wp:attachment":[{"href":"https:\/\/chulointeriors.com\/es\/wp-json\/wp\/v2\/media?parent=292108"}],"wp:term":[{"taxonomy":"product_brand","embeddable":true,"href":"https:\/\/chulointeriors.com\/es\/wp-json\/wp\/v2\/product_brand?post=292108"},{"taxonomy":"product_cat","embeddable":true,"href":"https:\/\/chulointeriors.com\/es\/wp-json\/wp\/v2\/product_cat?post=292108"},{"taxonomy":"product_tag","embeddable":true,"href":"https:\/\/chulointeriors.com\/es\/wp-json\/wp\/v2\/product_tag?post=292108"}],"curies":[{"name":"wp","href":"https:\/\/api.w.org\/{rel}","templated":true}]}}