{"id":292107,"date":"2025-11-29T13:53:34","date_gmt":"2025-11-29T11:53:34","guid":{"rendered":"https:\/\/chulointeriors.com\/product\/inicio-textil-ambientador-santal-tonka-500-ml\/"},"modified":"2025-12-09T14:48:24","modified_gmt":"2025-12-09T12:48:24","slug":"inicio-textil-ambientador-santal-tonka-500-ml","status":"publish","type":"product","link":"https:\/\/chulointeriors.com\/es\/product\/inicio-textil-ambientador-santal-tonka-500-ml\/","title":{"rendered":"Textiles para el hogar y ambientador Santal &#038; Tonka 500 ml"},"content":{"rendered":"<p>Santal &amp; Tonka es un viaje profundo y m\u00edstico que nutre tu alma y despierta tus sentidos. De su coraz\u00f3n amaderado compuesto por aceite de cedro, emergen alegres notas de tonka y cardamomo. Un aroma elegante y profundo que abrazar\u00e1 c\u00e1lidamente cada rinc\u00f3n de tu habitaci\u00f3n.<\/p>\n<p>Puede aplicarlo sobre el cuerpo y el cabello justo despu\u00e9s de la ducha. La ligereza del producto, que se evapora r\u00e1pidamente, te permite utilizarlo varias veces a lo largo del tiempo.La bruma corporal tambi\u00e9n es una buena forma de refrescarse y eliminar los olores de la vida cotidiana (contaminaci\u00f3n, tabaco, olores subterr\u00e1neos&#8230;) Tambi\u00e9n puedes aplicarla en casa o sobre las s\u00e1banas antes de acostarte.Un nuevo gesto de belleza que debes adoptar.<\/p>\n","protected":false},"excerpt":{"rendered":"<p>Santal &amp; Tonka es un viaje profundo y m\u00edstico que nutre tu alma y despierta tus sentidos. De su coraz\u00f3n amaderado compuesto por aceite de cedro, emergen alegres notas de tonka y cardamomo. Un aroma elegante y profundo que abrazar\u00e1 c\u00e1lidamente cada rinc\u00f3n de tu habitaci\u00f3n. Puede aplicarlo sobre el cuerpo y el cabello justo [&hellip;]<\/p>\n","protected":false},"featured_media":291273,"comment_status":"open","ping_status":"closed","template":"","meta":{"_et_pb_use_builder":"","_et_pb_old_content":"","_et_gb_content_width":""},"product_brand":[],"product_cat":[764],"product_tag":[],"class_list":{"0":"post-292107","1":"product","2":"type-product","3":"status-publish","4":"has-post-thumbnail","6":"product_cat-pulverizador","8":"first","9":"instock","10":"sale","11":"shipping-taxable","12":"purchasable","13":"product-type-simple"},"_links":{"self":[{"href":"https:\/\/chulointeriors.com\/es\/wp-json\/wp\/v2\/product\/292107","targetHints":{"allow":["GET"]}}],"collection":[{"href":"https:\/\/chulointeriors.com\/es\/wp-json\/wp\/v2\/product"}],"about":[{"href":"https:\/\/chulointeriors.com\/es\/wp-json\/wp\/v2\/types\/product"}],"replies":[{"embeddable":true,"href":"https:\/\/chulointeriors.com\/es\/wp-json\/wp\/v2\/comments?post=292107"}],"wp:featuredmedia":[{"embeddable":true,"href":"https:\/\/chulointeriors.com\/es\/wp-json\/wp\/v2\/media\/291273"}],"wp:attachment":[{"href":"https:\/\/chulointeriors.com\/es\/wp-json\/wp\/v2\/media?parent=292107"}],"wp:term":[{"taxonomy":"product_brand","embeddable":true,"href":"https:\/\/chulointeriors.com\/es\/wp-json\/wp\/v2\/product_brand?post=292107"},{"taxonomy":"product_cat","embeddable":true,"href":"https:\/\/chulointeriors.com\/es\/wp-json\/wp\/v2\/product_cat?post=292107"},{"taxonomy":"product_tag","embeddable":true,"href":"https:\/\/chulointeriors.com\/es\/wp-json\/wp\/v2\/product_tag?post=292107"}],"curies":[{"name":"wp","href":"https:\/\/api.w.org\/{rel}","templated":true}]}}