{"id":292106,"date":"2023-08-22T10:24:03","date_gmt":"2023-08-22T08:24:03","guid":{"rendered":"https:\/\/chulointeriors.com\/product\/set-de-3-velas-rosa-bulgara-y-vieja-orquidea-negra-y-lirio-cedro-marroqui-70-g\/"},"modified":"2024-03-21T13:19:13","modified_gmt":"2024-03-21T11:19:13","slug":"set-de-3-velas-rosa-bulgara-y-vieja-orquidea-negra-y-lirio-cedro-marroqui-70-g","status":"publish","type":"product","link":"https:\/\/chulointeriors.com\/es\/product\/set-de-3-velas-rosa-bulgara-y-vieja-orquidea-negra-y-lirio-cedro-marroqui-70-g\/","title":{"rendered":"Set de 3 velas Rosa b\u00falgara y vieja, Orqu\u00eddea negra y lirio, Cedro marroqu\u00ed, 70 g"},"content":{"rendered":"<p>Set de 3 Mini Velas 70Gr Cedro Marroqu\u00ed, Orqu\u00eddea Negra y Lirio, Rosa B\u00falgara de Cereria Molla ideal como regalo.<\/p>\n<p>Nuestra colecci\u00f3n Boutique se compone de velas perfumadas de lujo, ambientadores para el hogar con varillas de rat\u00e1n, recambios de ambientadores y sprays para el hogar.<\/p>\n<p><strong>Tama\u00f1o:<\/strong> 5,5cm x 7cm<br \/><strong>Duraci\u00f3n:<\/strong> 20hrs<\/p>\n","protected":false},"excerpt":{"rendered":"<p>Set de 3 Mini Velas 70Gr Cedro Marroqu\u00ed, Orqu\u00eddea Negra y Lirio, Rosa B\u00falgara de Cereria Molla ideal como regalo. Nuestra colecci\u00f3n Boutique se compone de velas perfumadas de lujo, ambientadores para el hogar con varillas de rat\u00e1n, recambios de ambientadores y sprays para el hogar. Tama\u00f1o: 5,5cm x 7cmDuraci\u00f3n: 20hrs<\/p>\n","protected":false},"featured_media":291275,"comment_status":"open","ping_status":"closed","template":"","meta":{"_et_pb_use_builder":"","_et_pb_old_content":"","_et_gb_content_width":""},"product_brand":[],"product_cat":[760],"product_tag":[],"class_list":{"0":"post-292106","1":"product","2":"type-product","3":"status-publish","4":"has-post-thumbnail","6":"product_cat-velas-aromaticas","8":"first","9":"outofstock","10":"sale","11":"shipping-taxable","12":"purchasable","13":"product-type-simple"},"_links":{"self":[{"href":"https:\/\/chulointeriors.com\/es\/wp-json\/wp\/v2\/product\/292106","targetHints":{"allow":["GET"]}}],"collection":[{"href":"https:\/\/chulointeriors.com\/es\/wp-json\/wp\/v2\/product"}],"about":[{"href":"https:\/\/chulointeriors.com\/es\/wp-json\/wp\/v2\/types\/product"}],"replies":[{"embeddable":true,"href":"https:\/\/chulointeriors.com\/es\/wp-json\/wp\/v2\/comments?post=292106"}],"wp:featuredmedia":[{"embeddable":true,"href":"https:\/\/chulointeriors.com\/es\/wp-json\/wp\/v2\/media\/291275"}],"wp:attachment":[{"href":"https:\/\/chulointeriors.com\/es\/wp-json\/wp\/v2\/media?parent=292106"}],"wp:term":[{"taxonomy":"product_brand","embeddable":true,"href":"https:\/\/chulointeriors.com\/es\/wp-json\/wp\/v2\/product_brand?post=292106"},{"taxonomy":"product_cat","embeddable":true,"href":"https:\/\/chulointeriors.com\/es\/wp-json\/wp\/v2\/product_cat?post=292106"},{"taxonomy":"product_tag","embeddable":true,"href":"https:\/\/chulointeriors.com\/es\/wp-json\/wp\/v2\/product_tag?post=292106"}],"curies":[{"name":"wp","href":"https:\/\/api.w.org\/{rel}","templated":true}]}}