{"id":292104,"date":"2023-08-22T10:59:46","date_gmt":"2023-08-22T08:59:46","guid":{"rendered":"https:\/\/chulointeriors.com\/product\/recambio-sandalo-tonka-premium-200-ml\/"},"modified":"2023-11-16T13:02:50","modified_gmt":"2023-11-16T11:02:50","slug":"recambio-sandalo-tonka-premium-200-ml","status":"publish","type":"product","link":"https:\/\/chulointeriors.com\/es\/product\/recambio-sandalo-tonka-premium-200-ml\/","title":{"rendered":"Recambio S\u00e1ndalo &#038; Tonka Premium 200 ml"},"content":{"rendered":"<p>El relleno para difusor Santal &amp; Tonka es una composici\u00f3n inusualmente sensual en la que la delicada cremosidad del haba tonka y el m\u00e1gico atractivo del s\u00e1ndalo se matizan con la sutil dulzura floral del iris. Una vez que la pruebes, \u00a1no podr\u00e1s renunciar a esta fragancia!<\/p>\n<p><strong>Notas de salida:<\/strong> Rizoma de iris, vaina de cardamomo, eucalipto fresco.<\/p>\n<p><strong>Notas medias:<\/strong> Cedro, leche condensada, \u00e1mbar blanco.<\/p>\n<p><strong>Notas de fondo:<\/strong> Almizcle, haba tonka, s\u00e1ndalo.<\/p>\n","protected":false},"excerpt":{"rendered":"<p>El relleno para difusor Santal &amp; Tonka es una composici\u00f3n inusualmente sensual en la que la delicada cremosidad del haba tonka y el m\u00e1gico atractivo del s\u00e1ndalo se matizan con la sutil dulzura floral del iris. Una vez que la pruebes, \u00a1no podr\u00e1s renunciar a esta fragancia! Notas de salida: Rizoma de iris, vaina de [&hellip;]<\/p>\n","protected":false},"featured_media":291277,"comment_status":"open","ping_status":"closed","template":"","meta":{"_et_pb_use_builder":"","_et_pb_old_content":"","_et_gb_content_width":""},"product_brand":[],"product_cat":[761],"product_tag":[],"class_list":{"0":"post-292104","1":"product","2":"type-product","3":"status-publish","4":"has-post-thumbnail","6":"product_cat-difusor-de-aromas","8":"first","9":"outofstock","10":"shipping-taxable","11":"purchasable","12":"product-type-simple"},"_links":{"self":[{"href":"https:\/\/chulointeriors.com\/es\/wp-json\/wp\/v2\/product\/292104","targetHints":{"allow":["GET"]}}],"collection":[{"href":"https:\/\/chulointeriors.com\/es\/wp-json\/wp\/v2\/product"}],"about":[{"href":"https:\/\/chulointeriors.com\/es\/wp-json\/wp\/v2\/types\/product"}],"replies":[{"embeddable":true,"href":"https:\/\/chulointeriors.com\/es\/wp-json\/wp\/v2\/comments?post=292104"}],"wp:featuredmedia":[{"embeddable":true,"href":"https:\/\/chulointeriors.com\/es\/wp-json\/wp\/v2\/media\/291277"}],"wp:attachment":[{"href":"https:\/\/chulointeriors.com\/es\/wp-json\/wp\/v2\/media?parent=292104"}],"wp:term":[{"taxonomy":"product_brand","embeddable":true,"href":"https:\/\/chulointeriors.com\/es\/wp-json\/wp\/v2\/product_brand?post=292104"},{"taxonomy":"product_cat","embeddable":true,"href":"https:\/\/chulointeriors.com\/es\/wp-json\/wp\/v2\/product_cat?post=292104"},{"taxonomy":"product_tag","embeddable":true,"href":"https:\/\/chulointeriors.com\/es\/wp-json\/wp\/v2\/product_tag?post=292104"}],"curies":[{"name":"wp","href":"https:\/\/api.w.org\/{rel}","templated":true}]}}