{"id":292103,"date":"2023-08-22T11:06:39","date_gmt":"2023-08-22T09:06:39","guid":{"rendered":"https:\/\/chulointeriors.com\/product\/set-de-2-velas-santal-tonka-caja-de-regalo-plegable-de-lujo\/"},"modified":"2024-03-21T13:15:26","modified_gmt":"2024-03-21T11:15:26","slug":"set-de-2-velas-santal-tonka-caja-de-regalo-plegable-de-lujo","status":"publish","type":"product","link":"https:\/\/chulointeriors.com\/es\/product\/set-de-2-velas-santal-tonka-caja-de-regalo-plegable-de-lujo\/","title":{"rendered":"Set de 2 Velas Santal &#038; Tonka &#8211; Caja de Regalo Plegable de Lujo"},"content":{"rendered":"<p>Lujoso set de regalo plegable para 2 velas. Productos hechos a mano desde 1899, nuestras velas vertidas a mano se fabrican siguiendo nuestra f\u00f3rmula original con cera vegetal, mechas de algod\u00f3n y la m\u00e1s fina fragancia.<\/p>\n<p>Tarro de cristal, tapa de madera, mecha de algod\u00f3n, cera vegetal, esencia para velas.<\/p>\n<p>Tiempo de combusti\u00f3n: 50 h<\/p>\n","protected":false},"excerpt":{"rendered":"<p>Lujoso set de regalo plegable para 2 velas. Productos hechos a mano desde 1899, nuestras velas vertidas a mano se fabrican siguiendo nuestra f\u00f3rmula original con cera vegetal, mechas de algod\u00f3n y la m\u00e1s fina fragancia. Tarro de cristal, tapa de madera, mecha de algod\u00f3n, cera vegetal, esencia para velas. Tiempo de combusti\u00f3n: 50 h<\/p>\n","protected":false},"featured_media":291278,"comment_status":"open","ping_status":"closed","template":"","meta":{"_et_pb_use_builder":"","_et_pb_old_content":"","_et_gb_content_width":""},"product_brand":[],"product_cat":[760],"product_tag":[],"class_list":{"0":"post-292103","1":"product","2":"type-product","3":"status-publish","4":"has-post-thumbnail","6":"product_cat-velas-aromaticas","8":"first","9":"outofstock","10":"sale","11":"shipping-taxable","12":"purchasable","13":"product-type-simple"},"_links":{"self":[{"href":"https:\/\/chulointeriors.com\/es\/wp-json\/wp\/v2\/product\/292103","targetHints":{"allow":["GET"]}}],"collection":[{"href":"https:\/\/chulointeriors.com\/es\/wp-json\/wp\/v2\/product"}],"about":[{"href":"https:\/\/chulointeriors.com\/es\/wp-json\/wp\/v2\/types\/product"}],"replies":[{"embeddable":true,"href":"https:\/\/chulointeriors.com\/es\/wp-json\/wp\/v2\/comments?post=292103"}],"wp:featuredmedia":[{"embeddable":true,"href":"https:\/\/chulointeriors.com\/es\/wp-json\/wp\/v2\/media\/291278"}],"wp:attachment":[{"href":"https:\/\/chulointeriors.com\/es\/wp-json\/wp\/v2\/media?parent=292103"}],"wp:term":[{"taxonomy":"product_brand","embeddable":true,"href":"https:\/\/chulointeriors.com\/es\/wp-json\/wp\/v2\/product_brand?post=292103"},{"taxonomy":"product_cat","embeddable":true,"href":"https:\/\/chulointeriors.com\/es\/wp-json\/wp\/v2\/product_cat?post=292103"},{"taxonomy":"product_tag","embeddable":true,"href":"https:\/\/chulointeriors.com\/es\/wp-json\/wp\/v2\/product_tag?post=292103"}],"curies":[{"name":"wp","href":"https:\/\/api.w.org\/{rel}","templated":true}]}}