{"id":292100,"date":"2023-08-22T11:40:37","date_gmt":"2023-08-22T09:40:37","guid":{"rendered":"https:\/\/chulointeriors.com\/product\/set-de-3-articulos-vela-spray-difusor-santal-tonka\/"},"modified":"2024-03-21T13:27:14","modified_gmt":"2024-03-21T11:27:14","slug":"set-de-3-articulos-vela-spray-difusor-santal-tonka","status":"publish","type":"product","link":"https:\/\/chulointeriors.com\/es\/product\/set-de-3-articulos-vela-spray-difusor-santal-tonka\/","title":{"rendered":"Set de 3 art\u00edculos Vela + Spray + Difusor &#8211; Santal &#038; Tonka"},"content":{"rendered":"<p>Este precioso estuche de regalo tiene espacio para un difusor, un spray y una vela de nuestro superventas espa\u00f1ol favorito, la marca de perfumes para el hogar Cereri\u00e1 Moll\u00e1.<\/p>\n<ul>\n<li>Ambientador 100 ml<\/li>\n<li>Difusor<\/li>\n<li>Vela 230 g<\/li>\n<li>Caja de regalo de lujo<\/li>\n<\/ul>\n","protected":false},"excerpt":{"rendered":"<p>Este precioso estuche de regalo tiene espacio para un difusor, un spray y una vela de nuestro superventas espa\u00f1ol favorito, la marca de perfumes para el hogar Cereri\u00e1 Moll\u00e1. Ambientador 100 ml Difusor Vela 230 g Caja de regalo de lujo<\/p>\n","protected":false},"featured_media":291281,"comment_status":"open","ping_status":"closed","template":"","meta":{"_et_pb_use_builder":"","_et_pb_old_content":"","_et_gb_content_width":""},"product_brand":[],"product_cat":[761,764,760],"product_tag":[],"class_list":{"0":"post-292100","1":"product","2":"type-product","3":"status-publish","4":"has-post-thumbnail","6":"product_cat-difusor-de-aromas","7":"product_cat-pulverizador","8":"product_cat-velas-aromaticas","10":"first","11":"outofstock","12":"sale","13":"shipping-taxable","14":"purchasable","15":"product-type-simple"},"_links":{"self":[{"href":"https:\/\/chulointeriors.com\/es\/wp-json\/wp\/v2\/product\/292100","targetHints":{"allow":["GET"]}}],"collection":[{"href":"https:\/\/chulointeriors.com\/es\/wp-json\/wp\/v2\/product"}],"about":[{"href":"https:\/\/chulointeriors.com\/es\/wp-json\/wp\/v2\/types\/product"}],"replies":[{"embeddable":true,"href":"https:\/\/chulointeriors.com\/es\/wp-json\/wp\/v2\/comments?post=292100"}],"wp:featuredmedia":[{"embeddable":true,"href":"https:\/\/chulointeriors.com\/es\/wp-json\/wp\/v2\/media\/291281"}],"wp:attachment":[{"href":"https:\/\/chulointeriors.com\/es\/wp-json\/wp\/v2\/media?parent=292100"}],"wp:term":[{"taxonomy":"product_brand","embeddable":true,"href":"https:\/\/chulointeriors.com\/es\/wp-json\/wp\/v2\/product_brand?post=292100"},{"taxonomy":"product_cat","embeddable":true,"href":"https:\/\/chulointeriors.com\/es\/wp-json\/wp\/v2\/product_cat?post=292100"},{"taxonomy":"product_tag","embeddable":true,"href":"https:\/\/chulointeriors.com\/es\/wp-json\/wp\/v2\/product_tag?post=292100"}],"curies":[{"name":"wp","href":"https:\/\/api.w.org\/{rel}","templated":true}]}}