{"id":292099,"date":"2023-08-22T11:57:32","date_gmt":"2023-08-22T09:57:32","guid":{"rendered":"https:\/\/chulointeriors.com\/product\/difusor-tuberosa-y-jazmin-premium-100-ml\/"},"modified":"2026-02-13T12:09:57","modified_gmt":"2026-02-13T10:09:57","slug":"difusor-tuberosa-y-jazmin-premium-100-ml","status":"publish","type":"product","link":"https:\/\/chulointeriors.com\/es\/product\/difusor-tuberosa-y-jazmin-premium-100-ml\/","title":{"rendered":"Difusor Tuberosa y Jazm\u00edn Premium 100 ml"},"content":{"rendered":"<p>Cerer\u00eda Moll\u00e1 es una empresa especializada en velas artesanales, ambientadores y difusores Mikado con m\u00e1s de 100 a\u00f1os de experiencia. \u00a1Descubre su inigualable gama de aromas y perfumes \u00fanicos! Te presentamos el Ambientador Mikado Home de la colecci\u00f3n Boutique Parfums de Cerer\u00eda Moll\u00e1, un difusor de fragancias que decorar\u00e1 tu hogar con un toque elegante y moderno, \u00a1ideal para cualquier rinc\u00f3n de tu casa! Compra el recambio para rellenar despu\u00e9s. El Jazm\u00edn Tuberosa es una fragancia fresca con potentes notas verdes y un coraz\u00f3n floral. Azahar, Jazm\u00edn y Narciso, que recuerdan a los patios floridos de Andaluc\u00eda.<\/p>\n","protected":false},"excerpt":{"rendered":"<p>Cerer\u00eda Moll\u00e1 es una empresa especializada en velas artesanales, ambientadores y difusores Mikado con m\u00e1s de 100 a\u00f1os de experiencia. \u00a1Descubre su inigualable gama de aromas y perfumes \u00fanicos! Te presentamos el Ambientador Mikado Home de la colecci\u00f3n Boutique Parfums de Cerer\u00eda Moll\u00e1, un difusor de fragancias que decorar\u00e1 tu hogar con un toque elegante [&hellip;]<\/p>\n","protected":false},"featured_media":291282,"comment_status":"open","ping_status":"closed","template":"","meta":{"_et_pb_use_builder":"","_et_pb_old_content":"","_et_gb_content_width":""},"product_brand":[],"product_cat":[761],"product_tag":[],"class_list":{"0":"post-292099","1":"product","2":"type-product","3":"status-publish","4":"has-post-thumbnail","6":"product_cat-difusor-de-aromas","8":"first","9":"instock","10":"sale","11":"shipping-taxable","12":"purchasable","13":"product-type-simple"},"_links":{"self":[{"href":"https:\/\/chulointeriors.com\/es\/wp-json\/wp\/v2\/product\/292099","targetHints":{"allow":["GET"]}}],"collection":[{"href":"https:\/\/chulointeriors.com\/es\/wp-json\/wp\/v2\/product"}],"about":[{"href":"https:\/\/chulointeriors.com\/es\/wp-json\/wp\/v2\/types\/product"}],"replies":[{"embeddable":true,"href":"https:\/\/chulointeriors.com\/es\/wp-json\/wp\/v2\/comments?post=292099"}],"wp:featuredmedia":[{"embeddable":true,"href":"https:\/\/chulointeriors.com\/es\/wp-json\/wp\/v2\/media\/291282"}],"wp:attachment":[{"href":"https:\/\/chulointeriors.com\/es\/wp-json\/wp\/v2\/media?parent=292099"}],"wp:term":[{"taxonomy":"product_brand","embeddable":true,"href":"https:\/\/chulointeriors.com\/es\/wp-json\/wp\/v2\/product_brand?post=292099"},{"taxonomy":"product_cat","embeddable":true,"href":"https:\/\/chulointeriors.com\/es\/wp-json\/wp\/v2\/product_cat?post=292099"},{"taxonomy":"product_tag","embeddable":true,"href":"https:\/\/chulointeriors.com\/es\/wp-json\/wp\/v2\/product_tag?post=292099"}],"curies":[{"name":"wp","href":"https:\/\/api.w.org\/{rel}","templated":true}]}}