{"id":292098,"date":"2023-08-22T12:01:58","date_gmt":"2023-08-22T10:01:58","guid":{"rendered":"https:\/\/chulointeriors.com\/product\/difusor-te-y-hierba-limon-premium-100-ml\/"},"modified":"2024-03-21T13:25:22","modified_gmt":"2024-03-21T11:25:22","slug":"difusor-te-y-hierba-limon-premium-100-ml","status":"publish","type":"product","link":"https:\/\/chulointeriors.com\/es\/product\/difusor-te-y-hierba-limon-premium-100-ml\/","title":{"rendered":"Difusor T\u00e9 y Hierba Lim\u00f3n Premium 100 ml"},"content":{"rendered":"<p>Nuestro difusor de varillas premium Molla 1899 se presenta en un envase de vidrio reciclado y embalaje de cart\u00f3n. Incluye varillas sostenibles que difunden expertamente el exquisito aroma, proporcionando a cada hogar una experiencia de fragancia inolvidable.<\/p>\n<p>La hierba lim\u00f3n de las Indias Occidentales proporciona un ambiente animado, con la perfecta combinaci\u00f3n del T\u00e9 conseguimos la serenidad del ambiente.<\/p>\n","protected":false},"excerpt":{"rendered":"<p>Nuestro difusor de varillas premium Molla 1899 se presenta en un envase de vidrio reciclado y embalaje de cart\u00f3n. Incluye varillas sostenibles que difunden expertamente el exquisito aroma, proporcionando a cada hogar una experiencia de fragancia inolvidable. La hierba lim\u00f3n de las Indias Occidentales proporciona un ambiente animado, con la perfecta combinaci\u00f3n del T\u00e9 conseguimos [&hellip;]<\/p>\n","protected":false},"featured_media":291283,"comment_status":"open","ping_status":"closed","template":"","meta":{"_et_pb_use_builder":"","_et_pb_old_content":"","_et_gb_content_width":""},"product_brand":[],"product_cat":[761],"product_tag":[],"class_list":{"0":"post-292098","1":"product","2":"type-product","3":"status-publish","4":"has-post-thumbnail","6":"product_cat-difusor-de-aromas","8":"first","9":"instock","10":"shipping-taxable","11":"purchasable","12":"product-type-simple"},"_links":{"self":[{"href":"https:\/\/chulointeriors.com\/es\/wp-json\/wp\/v2\/product\/292098","targetHints":{"allow":["GET"]}}],"collection":[{"href":"https:\/\/chulointeriors.com\/es\/wp-json\/wp\/v2\/product"}],"about":[{"href":"https:\/\/chulointeriors.com\/es\/wp-json\/wp\/v2\/types\/product"}],"replies":[{"embeddable":true,"href":"https:\/\/chulointeriors.com\/es\/wp-json\/wp\/v2\/comments?post=292098"}],"wp:featuredmedia":[{"embeddable":true,"href":"https:\/\/chulointeriors.com\/es\/wp-json\/wp\/v2\/media\/291283"}],"wp:attachment":[{"href":"https:\/\/chulointeriors.com\/es\/wp-json\/wp\/v2\/media?parent=292098"}],"wp:term":[{"taxonomy":"product_brand","embeddable":true,"href":"https:\/\/chulointeriors.com\/es\/wp-json\/wp\/v2\/product_brand?post=292098"},{"taxonomy":"product_cat","embeddable":true,"href":"https:\/\/chulointeriors.com\/es\/wp-json\/wp\/v2\/product_cat?post=292098"},{"taxonomy":"product_tag","embeddable":true,"href":"https:\/\/chulointeriors.com\/es\/wp-json\/wp\/v2\/product_tag?post=292098"}],"curies":[{"name":"wp","href":"https:\/\/api.w.org\/{rel}","templated":true}]}}