{"id":292097,"date":"2023-08-22T12:06:05","date_gmt":"2023-08-22T10:06:05","guid":{"rendered":"https:\/\/chulointeriors.com\/product\/difusor-santal-tonka-premium-100-ml\/"},"modified":"2024-03-20T20:01:32","modified_gmt":"2024-03-20T18:01:32","slug":"difusor-santal-tonka-premium-100-ml","status":"publish","type":"product","link":"https:\/\/chulointeriors.com\/es\/product\/difusor-santal-tonka-premium-100-ml\/","title":{"rendered":"Difusor Santal &#038; Tonka Premium 100 ml"},"content":{"rendered":"<p>Santal &amp; Tonka es un viaje profundo y m\u00edstico que nutre tu alma y despierta tus sentidos. De su coraz\u00f3n amaderado compuesto por aceite de cedro, emergen alegres notas de tonka y cardamomo. Un aroma elegante y profundo que abrazar\u00e1 c\u00e1lidamente cada rinc\u00f3n de su habitaci\u00f3n.<\/p>\n","protected":false},"excerpt":{"rendered":"<p>Santal &amp; Tonka es un viaje profundo y m\u00edstico que nutre tu alma y despierta tus sentidos. De su coraz\u00f3n amaderado compuesto por aceite de cedro, emergen alegres notas de tonka y cardamomo. Un aroma elegante y profundo que abrazar\u00e1 c\u00e1lidamente cada rinc\u00f3n de su habitaci\u00f3n.<\/p>\n","protected":false},"featured_media":291284,"comment_status":"open","ping_status":"closed","template":"","meta":{"_et_pb_use_builder":"","_et_pb_old_content":"","_et_gb_content_width":""},"product_brand":[],"product_cat":[761],"product_tag":[],"class_list":{"0":"post-292097","1":"product","2":"type-product","3":"status-publish","4":"has-post-thumbnail","6":"product_cat-difusor-de-aromas","8":"first","9":"instock","10":"shipping-taxable","11":"purchasable","12":"product-type-simple"},"_links":{"self":[{"href":"https:\/\/chulointeriors.com\/es\/wp-json\/wp\/v2\/product\/292097","targetHints":{"allow":["GET"]}}],"collection":[{"href":"https:\/\/chulointeriors.com\/es\/wp-json\/wp\/v2\/product"}],"about":[{"href":"https:\/\/chulointeriors.com\/es\/wp-json\/wp\/v2\/types\/product"}],"replies":[{"embeddable":true,"href":"https:\/\/chulointeriors.com\/es\/wp-json\/wp\/v2\/comments?post=292097"}],"wp:featuredmedia":[{"embeddable":true,"href":"https:\/\/chulointeriors.com\/es\/wp-json\/wp\/v2\/media\/291284"}],"wp:attachment":[{"href":"https:\/\/chulointeriors.com\/es\/wp-json\/wp\/v2\/media?parent=292097"}],"wp:term":[{"taxonomy":"product_brand","embeddable":true,"href":"https:\/\/chulointeriors.com\/es\/wp-json\/wp\/v2\/product_brand?post=292097"},{"taxonomy":"product_cat","embeddable":true,"href":"https:\/\/chulointeriors.com\/es\/wp-json\/wp\/v2\/product_cat?post=292097"},{"taxonomy":"product_tag","embeddable":true,"href":"https:\/\/chulointeriors.com\/es\/wp-json\/wp\/v2\/product_tag?post=292097"}],"curies":[{"name":"wp","href":"https:\/\/api.w.org\/{rel}","templated":true}]}}