{"id":292096,"date":"2025-11-22T12:10:37","date_gmt":"2025-11-22T10:10:37","guid":{"rendered":"https:\/\/chulointeriors.com\/product\/difusor-rosa-bulgara-oud-premium-100-ml\/"},"modified":"2025-12-09T14:44:28","modified_gmt":"2025-12-09T12:44:28","slug":"difusor-rosa-bulgara-oud-premium-100-ml","status":"publish","type":"product","link":"https:\/\/chulointeriors.com\/es\/product\/difusor-rosa-bulgara-oud-premium-100-ml\/","title":{"rendered":"Difusor Rosa B\u00falgara &#038; Oud Premium 100 ml"},"content":{"rendered":"<p>La marca Cereria Moll\u00e1 es una empresa familiar que ha pasado de generaci\u00f3n en generaci\u00f3n desde 1899, sin perder el cuidado de un producto artesanal de excelente calidad. Son fragancias que obligan a cerrar los ojos y dejarse transportar.<\/p>\n<p>Rosa B\u00falgara &amp; Oud &#8211; Premium Mikado 100ml nos transporta al comienzo de la primavera. Un aroma de flores reci\u00e9n cortadas que cautiva con sus notas verdes. Una combinaci\u00f3n especiada con un fondo compuesto de almizcle y notas amaderadas terminan de aportar un toque elegante a la fragancia.<\/p>\n","protected":false},"excerpt":{"rendered":"<p>La marca Cereria Moll\u00e1 es una empresa familiar que ha pasado de generaci\u00f3n en generaci\u00f3n desde 1899, sin perder el cuidado de un producto artesanal de excelente calidad. Son fragancias que obligan a cerrar los ojos y dejarse transportar. Rosa B\u00falgara &amp; Oud &#8211; Premium Mikado 100ml nos transporta al comienzo de la primavera. Un [&hellip;]<\/p>\n","protected":false},"featured_media":291285,"comment_status":"open","ping_status":"closed","template":"","meta":{"_et_pb_use_builder":"","_et_pb_old_content":"","_et_gb_content_width":""},"product_brand":[],"product_cat":[761],"product_tag":[],"class_list":{"0":"post-292096","1":"product","2":"type-product","3":"status-publish","4":"has-post-thumbnail","6":"product_cat-difusor-de-aromas","8":"first","9":"outofstock","10":"shipping-taxable","11":"purchasable","12":"product-type-simple"},"_links":{"self":[{"href":"https:\/\/chulointeriors.com\/es\/wp-json\/wp\/v2\/product\/292096","targetHints":{"allow":["GET"]}}],"collection":[{"href":"https:\/\/chulointeriors.com\/es\/wp-json\/wp\/v2\/product"}],"about":[{"href":"https:\/\/chulointeriors.com\/es\/wp-json\/wp\/v2\/types\/product"}],"replies":[{"embeddable":true,"href":"https:\/\/chulointeriors.com\/es\/wp-json\/wp\/v2\/comments?post=292096"}],"wp:featuredmedia":[{"embeddable":true,"href":"https:\/\/chulointeriors.com\/es\/wp-json\/wp\/v2\/media\/291285"}],"wp:attachment":[{"href":"https:\/\/chulointeriors.com\/es\/wp-json\/wp\/v2\/media?parent=292096"}],"wp:term":[{"taxonomy":"product_brand","embeddable":true,"href":"https:\/\/chulointeriors.com\/es\/wp-json\/wp\/v2\/product_brand?post=292096"},{"taxonomy":"product_cat","embeddable":true,"href":"https:\/\/chulointeriors.com\/es\/wp-json\/wp\/v2\/product_cat?post=292096"},{"taxonomy":"product_tag","embeddable":true,"href":"https:\/\/chulointeriors.com\/es\/wp-json\/wp\/v2\/product_tag?post=292096"}],"curies":[{"name":"wp","href":"https:\/\/api.w.org\/{rel}","templated":true}]}}