{"id":292094,"date":"2023-08-22T12:16:42","date_gmt":"2023-08-22T10:16:42","guid":{"rendered":"https:\/\/chulointeriors.com\/product\/difusor-ambar-y-sandalo-premium-100-ml\/"},"modified":"2026-02-13T12:08:21","modified_gmt":"2026-02-13T10:08:21","slug":"difusor-ambar-y-sandalo-premium-100-ml","status":"publish","type":"product","link":"https:\/\/chulointeriors.com\/es\/product\/difusor-ambar-y-sandalo-premium-100-ml\/","title":{"rendered":"Difusor \u00c1mbar y S\u00e1ndalo Premium 100 ml"},"content":{"rendered":"<p>Difusor con varillas de rat\u00e1n y recipiente de cristal color crema. Perfuma la casa con este mikado, su aroma a bergamota transmite pureza y frescura. Este aroma de c\u00edtricos nos transporta al Mediterr\u00e1neo italiano.<\/p>\n","protected":false},"excerpt":{"rendered":"<p>Difusor con varillas de rat\u00e1n y recipiente de cristal color crema. Perfuma la casa con este mikado, su aroma a bergamota transmite pureza y frescura. Este aroma de c\u00edtricos nos transporta al Mediterr\u00e1neo italiano.<\/p>\n","protected":false},"featured_media":291287,"comment_status":"open","ping_status":"closed","template":"","meta":{"_et_pb_use_builder":"","_et_pb_old_content":"","_et_gb_content_width":""},"product_brand":[],"product_cat":[761],"product_tag":[],"class_list":{"0":"post-292094","1":"product","2":"type-product","3":"status-publish","4":"has-post-thumbnail","6":"product_cat-difusor-de-aromas","8":"first","9":"instock","10":"sale","11":"shipping-taxable","12":"purchasable","13":"product-type-simple"},"_links":{"self":[{"href":"https:\/\/chulointeriors.com\/es\/wp-json\/wp\/v2\/product\/292094","targetHints":{"allow":["GET"]}}],"collection":[{"href":"https:\/\/chulointeriors.com\/es\/wp-json\/wp\/v2\/product"}],"about":[{"href":"https:\/\/chulointeriors.com\/es\/wp-json\/wp\/v2\/types\/product"}],"replies":[{"embeddable":true,"href":"https:\/\/chulointeriors.com\/es\/wp-json\/wp\/v2\/comments?post=292094"}],"wp:featuredmedia":[{"embeddable":true,"href":"https:\/\/chulointeriors.com\/es\/wp-json\/wp\/v2\/media\/291287"}],"wp:attachment":[{"href":"https:\/\/chulointeriors.com\/es\/wp-json\/wp\/v2\/media?parent=292094"}],"wp:term":[{"taxonomy":"product_brand","embeddable":true,"href":"https:\/\/chulointeriors.com\/es\/wp-json\/wp\/v2\/product_brand?post=292094"},{"taxonomy":"product_cat","embeddable":true,"href":"https:\/\/chulointeriors.com\/es\/wp-json\/wp\/v2\/product_cat?post=292094"},{"taxonomy":"product_tag","embeddable":true,"href":"https:\/\/chulointeriors.com\/es\/wp-json\/wp\/v2\/product_tag?post=292094"}],"curies":[{"name":"wp","href":"https:\/\/api.w.org\/{rel}","templated":true}]}}