{"id":292093,"date":"2023-08-22T12:28:38","date_gmt":"2023-08-22T10:28:38","guid":{"rendered":"https:\/\/chulointeriors.com\/product\/vela-xl-santal-tonka-600-g\/"},"modified":"2024-03-20T20:04:54","modified_gmt":"2024-03-20T18:04:54","slug":"vela-xl-santal-tonka-600-g","status":"publish","type":"product","link":"https:\/\/chulointeriors.com\/es\/product\/vela-xl-santal-tonka-600-g\/","title":{"rendered":"Vela XL Santal &#038; Tonka 600 g"},"content":{"rendered":"<p>Vela Premium XL S\u00e1ndalo y Tonka de Cereria Moll\u00e1 1899. Su exquisito dise\u00f1o y fragancia hecha a mano en Espa\u00f1a crea un ambiente relajante, rom\u00e1ntico y acogedor, a la vez que a\u00f1ade un toque original a tu decoraci\u00f3n. Fabricada con materiales ecol\u00f3gicos y naturales. La cera de soja, libre de productos qu\u00edmicos y animales, asegura una combusti\u00f3n limpia. La mecha de algod\u00f3n natural garantiza una difusi\u00f3n uniforme y refinada. La elegante y profunda fragancia de esta vela perfumada abrazar\u00e1 c\u00e1lidamente cada rinc\u00f3n de su habitaci\u00f3n.<\/p>\n","protected":false},"excerpt":{"rendered":"<p>Vela Premium XL S\u00e1ndalo y Tonka de Cereria Moll\u00e1 1899. Su exquisito dise\u00f1o y fragancia hecha a mano en Espa\u00f1a crea un ambiente relajante, rom\u00e1ntico y acogedor, a la vez que a\u00f1ade un toque original a tu decoraci\u00f3n. Fabricada con materiales ecol\u00f3gicos y naturales. La cera de soja, libre de productos qu\u00edmicos y animales, asegura [&hellip;]<\/p>\n","protected":false},"featured_media":291288,"comment_status":"open","ping_status":"closed","template":"","meta":{"_et_pb_use_builder":"","_et_pb_old_content":"","_et_gb_content_width":""},"product_brand":[],"product_cat":[760],"product_tag":[],"class_list":{"0":"post-292093","1":"product","2":"type-product","3":"status-publish","4":"has-post-thumbnail","6":"product_cat-velas-aromaticas","8":"first","9":"instock","10":"sale","11":"shipping-taxable","12":"purchasable","13":"product-type-simple"},"_links":{"self":[{"href":"https:\/\/chulointeriors.com\/es\/wp-json\/wp\/v2\/product\/292093","targetHints":{"allow":["GET"]}}],"collection":[{"href":"https:\/\/chulointeriors.com\/es\/wp-json\/wp\/v2\/product"}],"about":[{"href":"https:\/\/chulointeriors.com\/es\/wp-json\/wp\/v2\/types\/product"}],"replies":[{"embeddable":true,"href":"https:\/\/chulointeriors.com\/es\/wp-json\/wp\/v2\/comments?post=292093"}],"wp:featuredmedia":[{"embeddable":true,"href":"https:\/\/chulointeriors.com\/es\/wp-json\/wp\/v2\/media\/291288"}],"wp:attachment":[{"href":"https:\/\/chulointeriors.com\/es\/wp-json\/wp\/v2\/media?parent=292093"}],"wp:term":[{"taxonomy":"product_brand","embeddable":true,"href":"https:\/\/chulointeriors.com\/es\/wp-json\/wp\/v2\/product_brand?post=292093"},{"taxonomy":"product_cat","embeddable":true,"href":"https:\/\/chulointeriors.com\/es\/wp-json\/wp\/v2\/product_cat?post=292093"},{"taxonomy":"product_tag","embeddable":true,"href":"https:\/\/chulointeriors.com\/es\/wp-json\/wp\/v2\/product_tag?post=292093"}],"curies":[{"name":"wp","href":"https:\/\/api.w.org\/{rel}","templated":true}]}}