{"id":292092,"date":"2023-08-22T12:46:48","date_gmt":"2023-08-22T10:46:48","guid":{"rendered":"https:\/\/chulointeriors.com\/product\/vela-tuberose-jasmine-premium-230-g\/"},"modified":"2026-02-13T12:29:36","modified_gmt":"2026-02-13T10:29:36","slug":"vela-tuberose-jasmine-premium-230-g","status":"publish","type":"product","link":"https:\/\/chulointeriors.com\/es\/product\/vela-tuberose-jasmine-premium-230-g\/","title":{"rendered":"Vela Tuberose &#038; Jasmine Premium 230 g"},"content":{"rendered":"<p>Vela perfumada Premium 230 g. en vaso de cristal, de Cerer\u00eda Moll\u00e0 1899. Aroma Tuberosa y Jazm\u00edn. Exquisita fragancia fresca con notas verdes y un potente coraz\u00f3n floral, donde el azahar, el jazm\u00edn y el narciso nos transportan a los patios florales de Andaluc\u00eda.<\/p>\n","protected":false},"excerpt":{"rendered":"<p>Vela perfumada Premium 230 g. en vaso de cristal, de Cerer\u00eda Moll\u00e0 1899. Aroma Tuberosa y Jazm\u00edn. Exquisita fragancia fresca con notas verdes y un potente coraz\u00f3n floral, donde el azahar, el jazm\u00edn y el narciso nos transportan a los patios florales de Andaluc\u00eda.<\/p>\n","protected":false},"featured_media":291289,"comment_status":"open","ping_status":"closed","template":"","meta":{"_et_pb_use_builder":"","_et_pb_old_content":"","_et_gb_content_width":""},"product_brand":[],"product_cat":[760],"product_tag":[],"class_list":{"0":"post-292092","1":"product","2":"type-product","3":"status-publish","4":"has-post-thumbnail","6":"product_cat-velas-aromaticas","8":"first","9":"instock","10":"shipping-taxable","11":"purchasable","12":"product-type-simple"},"_links":{"self":[{"href":"https:\/\/chulointeriors.com\/es\/wp-json\/wp\/v2\/product\/292092","targetHints":{"allow":["GET"]}}],"collection":[{"href":"https:\/\/chulointeriors.com\/es\/wp-json\/wp\/v2\/product"}],"about":[{"href":"https:\/\/chulointeriors.com\/es\/wp-json\/wp\/v2\/types\/product"}],"replies":[{"embeddable":true,"href":"https:\/\/chulointeriors.com\/es\/wp-json\/wp\/v2\/comments?post=292092"}],"wp:featuredmedia":[{"embeddable":true,"href":"https:\/\/chulointeriors.com\/es\/wp-json\/wp\/v2\/media\/291289"}],"wp:attachment":[{"href":"https:\/\/chulointeriors.com\/es\/wp-json\/wp\/v2\/media?parent=292092"}],"wp:term":[{"taxonomy":"product_brand","embeddable":true,"href":"https:\/\/chulointeriors.com\/es\/wp-json\/wp\/v2\/product_brand?post=292092"},{"taxonomy":"product_cat","embeddable":true,"href":"https:\/\/chulointeriors.com\/es\/wp-json\/wp\/v2\/product_cat?post=292092"},{"taxonomy":"product_tag","embeddable":true,"href":"https:\/\/chulointeriors.com\/es\/wp-json\/wp\/v2\/product_tag?post=292092"}],"curies":[{"name":"wp","href":"https:\/\/api.w.org\/{rel}","templated":true}]}}