{"id":292091,"date":"2023-08-22T12:50:14","date_gmt":"2023-08-22T10:50:14","guid":{"rendered":"https:\/\/chulointeriors.com\/product\/vela-te-limoncillo-premium-230-g\/"},"modified":"2024-03-20T20:06:15","modified_gmt":"2024-03-20T18:06:15","slug":"vela-te-limoncillo-premium-230-g","status":"publish","type":"product","link":"https:\/\/chulointeriors.com\/es\/product\/vela-te-limoncillo-premium-230-g\/","title":{"rendered":"Vela T\u00e9 &#038; Limoncillo Premium 230 g"},"content":{"rendered":"<p>Una combinaci\u00f3n \u00fanica en la que las notas c\u00edtricas y el t\u00e9 verde se funden para transformar el ambiente que te rodea. Cereria Moll\u00e1 te ofrece una fragancia con notas frescas y afrutadas.<\/p>\n","protected":false},"excerpt":{"rendered":"<p>Una combinaci\u00f3n \u00fanica en la que las notas c\u00edtricas y el t\u00e9 verde se funden para transformar el ambiente que te rodea. Cereria Moll\u00e1 te ofrece una fragancia con notas frescas y afrutadas.<\/p>\n","protected":false},"featured_media":291290,"comment_status":"open","ping_status":"closed","template":"","meta":{"_et_pb_use_builder":"","_et_pb_old_content":"","_et_gb_content_width":""},"product_brand":[],"product_cat":[760],"product_tag":[],"class_list":{"0":"post-292091","1":"product","2":"type-product","3":"status-publish","4":"has-post-thumbnail","6":"product_cat-velas-aromaticas","8":"first","9":"instock","10":"shipping-taxable","11":"purchasable","12":"product-type-simple"},"_links":{"self":[{"href":"https:\/\/chulointeriors.com\/es\/wp-json\/wp\/v2\/product\/292091","targetHints":{"allow":["GET"]}}],"collection":[{"href":"https:\/\/chulointeriors.com\/es\/wp-json\/wp\/v2\/product"}],"about":[{"href":"https:\/\/chulointeriors.com\/es\/wp-json\/wp\/v2\/types\/product"}],"replies":[{"embeddable":true,"href":"https:\/\/chulointeriors.com\/es\/wp-json\/wp\/v2\/comments?post=292091"}],"wp:featuredmedia":[{"embeddable":true,"href":"https:\/\/chulointeriors.com\/es\/wp-json\/wp\/v2\/media\/291290"}],"wp:attachment":[{"href":"https:\/\/chulointeriors.com\/es\/wp-json\/wp\/v2\/media?parent=292091"}],"wp:term":[{"taxonomy":"product_brand","embeddable":true,"href":"https:\/\/chulointeriors.com\/es\/wp-json\/wp\/v2\/product_brand?post=292091"},{"taxonomy":"product_cat","embeddable":true,"href":"https:\/\/chulointeriors.com\/es\/wp-json\/wp\/v2\/product_cat?post=292091"},{"taxonomy":"product_tag","embeddable":true,"href":"https:\/\/chulointeriors.com\/es\/wp-json\/wp\/v2\/product_tag?post=292091"}],"curies":[{"name":"wp","href":"https:\/\/api.w.org\/{rel}","templated":true}]}}