{"id":292089,"date":"2023-08-22T12:57:29","date_gmt":"2023-08-22T10:57:29","guid":{"rendered":"https:\/\/chulointeriors.com\/product\/vela-rosa-bulgara-oud-premium-230-g\/"},"modified":"2026-02-13T12:40:06","modified_gmt":"2026-02-13T10:40:06","slug":"vela-rosa-bulgara-oud-premium-230-g","status":"publish","type":"product","link":"https:\/\/chulointeriors.com\/es\/product\/vela-rosa-bulgara-oud-premium-230-g\/","title":{"rendered":"Vela Rosa B\u00falgara &#038; Oud Premium 230 g"},"content":{"rendered":"<p>Santal &amp; Tonka es un viaje profundo y m\u00edstico que nutre tu alma y despierta tus sentidos. De su coraz\u00f3n amaderado compuesto por aceite de cedro, emergen alegres notas de tonka y cardamomo. Un aroma elegante y profundo que abrazar\u00e1 c\u00e1lidamente cada rinc\u00f3n de su habitaci\u00f3n. La VELA PERFUMADA CERERIA MOLLA es un ambientador de hogar sutil y equilibrado, ya que libera su extraordinaria fragancia de forma progresiva. Las VELAS PERFUMADAS CERERIA MOLLA est\u00e1n elaboradas artesanalmente, siguiendo su original f\u00f3rmula que combina ceras vegetales que no emiten humo, mecha de algod\u00f3n y las mejores esencias, consiguiendo un producto de alta calidad y respetuoso con el medio ambiente.<\/p>\n","protected":false},"excerpt":{"rendered":"<p>Santal &amp; Tonka es un viaje profundo y m\u00edstico que nutre tu alma y despierta tus sentidos. De su coraz\u00f3n amaderado compuesto por aceite de cedro, emergen alegres notas de tonka y cardamomo. Un aroma elegante y profundo que abrazar\u00e1 c\u00e1lidamente cada rinc\u00f3n de su habitaci\u00f3n. La VELA PERFUMADA CERERIA MOLLA es un ambientador de [&hellip;]<\/p>\n","protected":false},"featured_media":291292,"comment_status":"open","ping_status":"closed","template":"","meta":{"_et_pb_use_builder":"","_et_pb_old_content":"","_et_gb_content_width":""},"product_brand":[],"product_cat":[760],"product_tag":[],"class_list":{"0":"post-292089","1":"product","2":"type-product","3":"status-publish","4":"has-post-thumbnail","6":"product_cat-velas-aromaticas","8":"first","9":"instock","10":"shipping-taxable","11":"purchasable","12":"product-type-simple"},"_links":{"self":[{"href":"https:\/\/chulointeriors.com\/es\/wp-json\/wp\/v2\/product\/292089","targetHints":{"allow":["GET"]}}],"collection":[{"href":"https:\/\/chulointeriors.com\/es\/wp-json\/wp\/v2\/product"}],"about":[{"href":"https:\/\/chulointeriors.com\/es\/wp-json\/wp\/v2\/types\/product"}],"replies":[{"embeddable":true,"href":"https:\/\/chulointeriors.com\/es\/wp-json\/wp\/v2\/comments?post=292089"}],"wp:featuredmedia":[{"embeddable":true,"href":"https:\/\/chulointeriors.com\/es\/wp-json\/wp\/v2\/media\/291292"}],"wp:attachment":[{"href":"https:\/\/chulointeriors.com\/es\/wp-json\/wp\/v2\/media?parent=292089"}],"wp:term":[{"taxonomy":"product_brand","embeddable":true,"href":"https:\/\/chulointeriors.com\/es\/wp-json\/wp\/v2\/product_brand?post=292089"},{"taxonomy":"product_cat","embeddable":true,"href":"https:\/\/chulointeriors.com\/es\/wp-json\/wp\/v2\/product_cat?post=292089"},{"taxonomy":"product_tag","embeddable":true,"href":"https:\/\/chulointeriors.com\/es\/wp-json\/wp\/v2\/product_tag?post=292089"}],"curies":[{"name":"wp","href":"https:\/\/api.w.org\/{rel}","templated":true}]}}