{"id":292088,"date":"2023-08-22T12:59:36","date_gmt":"2023-08-22T10:59:36","guid":{"rendered":"https:\/\/chulointeriors.com\/product\/vela-bergamota-de-calabria-premium-230-g\/"},"modified":"2023-11-16T13:04:46","modified_gmt":"2023-11-16T11:04:46","slug":"vela-bergamota-de-calabria-premium-230-g","status":"publish","type":"product","link":"https:\/\/chulointeriors.com\/es\/product\/vela-bergamota-de-calabria-premium-230-g\/","title":{"rendered":"Vela Bergamota de Calabria Premium 230 g"},"content":{"rendered":"<p>La vela Bergamotto Di Calabria de Cereria Moll\u00e1 anuncia una fragancia amaderada con un toque c\u00edtrico, a la que se a\u00f1ade un suave aroma almizclado.<\/p>\n<p>Cereria Moll\u00e1 fabrica sus velas a mano seg\u00fan una f\u00f3rmula transmitida de generaci\u00f3n en generaci\u00f3n. Esta original f\u00f3rmula combina cera vegetal no emisiva, mechas de algod\u00f3n y las mejores esencias para ofrecer un producto de alta calidad y respetuoso con el medio ambiente.<\/p>\n","protected":false},"excerpt":{"rendered":"<p>La vela Bergamotto Di Calabria de Cereria Moll\u00e1 anuncia una fragancia amaderada con un toque c\u00edtrico, a la que se a\u00f1ade un suave aroma almizclado. Cereria Moll\u00e1 fabrica sus velas a mano seg\u00fan una f\u00f3rmula transmitida de generaci\u00f3n en generaci\u00f3n. Esta original f\u00f3rmula combina cera vegetal no emisiva, mechas de algod\u00f3n y las mejores esencias [&hellip;]<\/p>\n","protected":false},"featured_media":291293,"comment_status":"open","ping_status":"closed","template":"","meta":{"_et_pb_use_builder":"","_et_pb_old_content":"","_et_gb_content_width":""},"product_brand":[],"product_cat":[760],"product_tag":[],"class_list":{"0":"post-292088","1":"product","2":"type-product","3":"status-publish","4":"has-post-thumbnail","6":"product_cat-velas-aromaticas","8":"first","9":"instock","10":"shipping-taxable","11":"purchasable","12":"product-type-simple"},"_links":{"self":[{"href":"https:\/\/chulointeriors.com\/es\/wp-json\/wp\/v2\/product\/292088","targetHints":{"allow":["GET"]}}],"collection":[{"href":"https:\/\/chulointeriors.com\/es\/wp-json\/wp\/v2\/product"}],"about":[{"href":"https:\/\/chulointeriors.com\/es\/wp-json\/wp\/v2\/types\/product"}],"replies":[{"embeddable":true,"href":"https:\/\/chulointeriors.com\/es\/wp-json\/wp\/v2\/comments?post=292088"}],"wp:featuredmedia":[{"embeddable":true,"href":"https:\/\/chulointeriors.com\/es\/wp-json\/wp\/v2\/media\/291293"}],"wp:attachment":[{"href":"https:\/\/chulointeriors.com\/es\/wp-json\/wp\/v2\/media?parent=292088"}],"wp:term":[{"taxonomy":"product_brand","embeddable":true,"href":"https:\/\/chulointeriors.com\/es\/wp-json\/wp\/v2\/product_brand?post=292088"},{"taxonomy":"product_cat","embeddable":true,"href":"https:\/\/chulointeriors.com\/es\/wp-json\/wp\/v2\/product_cat?post=292088"},{"taxonomy":"product_tag","embeddable":true,"href":"https:\/\/chulointeriors.com\/es\/wp-json\/wp\/v2\/product_tag?post=292088"}],"curies":[{"name":"wp","href":"https:\/\/api.w.org\/{rel}","templated":true}]}}