{"id":292086,"date":"2023-08-22T13:04:42","date_gmt":"2023-08-22T11:04:42","guid":{"rendered":"https:\/\/chulointeriors.com\/product\/jarron-colgante-con-forma-de-huevo-erwin-l\/"},"modified":"2024-03-20T20:09:46","modified_gmt":"2024-03-20T18:09:46","slug":"jarron-colgante-con-forma-de-huevo-erwin-l","status":"publish","type":"product","link":"https:\/\/chulointeriors.com\/es\/product\/jarron-colgante-con-forma-de-huevo-erwin-l\/","title":{"rendered":"Jarr\u00f3n colgante con forma de huevo &#8220;Erwin&#8221;, L"},"content":{"rendered":"<p>&#8220;La idea de Klatt Objects surgi\u00f3 de la necesidad de crear algo significativo y bello. Se trata del origen, el aprecio y la buena sensaci\u00f3n que surge cuando nos encontramos en nuestro entorno y nos sentimos bien. Objetos para nuestro yo polifac\u00e9tico&#8221;.<br \/>Detlef Klatt<\/p>\n","protected":false},"excerpt":{"rendered":"<p>&#8220;La idea de Klatt Objects surgi\u00f3 de la necesidad de crear algo significativo y bello. Se trata del origen, el aprecio y la buena sensaci\u00f3n que surge cuando nos encontramos en nuestro entorno y nos sentimos bien. Objetos para nuestro yo polifac\u00e9tico&#8221;.Detlef Klatt<\/p>\n","protected":false},"featured_media":291295,"comment_status":"open","ping_status":"closed","template":"","meta":{"_et_pb_use_builder":"","_et_pb_old_content":"","_et_gb_content_width":""},"product_brand":[],"product_cat":[758,2036],"product_tag":[],"class_list":{"0":"post-292086","1":"product","2":"type-product","3":"status-publish","4":"has-post-thumbnail","6":"product_cat-jarrones","7":"product_cat-regalos-de-pascua","9":"first","10":"instock","11":"sale","12":"shipping-taxable","13":"purchasable","14":"product-type-simple"},"_links":{"self":[{"href":"https:\/\/chulointeriors.com\/es\/wp-json\/wp\/v2\/product\/292086","targetHints":{"allow":["GET"]}}],"collection":[{"href":"https:\/\/chulointeriors.com\/es\/wp-json\/wp\/v2\/product"}],"about":[{"href":"https:\/\/chulointeriors.com\/es\/wp-json\/wp\/v2\/types\/product"}],"replies":[{"embeddable":true,"href":"https:\/\/chulointeriors.com\/es\/wp-json\/wp\/v2\/comments?post=292086"}],"wp:featuredmedia":[{"embeddable":true,"href":"https:\/\/chulointeriors.com\/es\/wp-json\/wp\/v2\/media\/291295"}],"wp:attachment":[{"href":"https:\/\/chulointeriors.com\/es\/wp-json\/wp\/v2\/media?parent=292086"}],"wp:term":[{"taxonomy":"product_brand","embeddable":true,"href":"https:\/\/chulointeriors.com\/es\/wp-json\/wp\/v2\/product_brand?post=292086"},{"taxonomy":"product_cat","embeddable":true,"href":"https:\/\/chulointeriors.com\/es\/wp-json\/wp\/v2\/product_cat?post=292086"},{"taxonomy":"product_tag","embeddable":true,"href":"https:\/\/chulointeriors.com\/es\/wp-json\/wp\/v2\/product_tag?post=292086"}],"curies":[{"name":"wp","href":"https:\/\/api.w.org\/{rel}","templated":true}]}}