{"id":292084,"date":"2023-08-22T13:27:38","date_gmt":"2023-08-22T11:27:38","guid":{"rendered":"https:\/\/chulointeriors.com\/product\/firmamento-jarron-esferico-con-estrellas\/"},"modified":"2024-03-20T20:11:08","modified_gmt":"2024-03-20T18:11:08","slug":"firmamento-jarron-esferico-con-estrellas","status":"publish","type":"product","link":"https:\/\/chulointeriors.com\/es\/product\/firmamento-jarron-esferico-con-estrellas\/","title":{"rendered":"Firmamento Jarr\u00f3n esf\u00e9rico con estrellas"},"content":{"rendered":"<p>Jarr\u00f3n esf\u00e9rico de porcelana fina con estrellas rojas.<\/p>\n<p>Cord\u00f3n de algod\u00f3n encerado para colgar.<\/p>\n<p>Aro de porcelana para colocarlo de pie.<\/p>\n","protected":false},"excerpt":{"rendered":"<p>Jarr\u00f3n esf\u00e9rico de porcelana fina con estrellas rojas. Cord\u00f3n de algod\u00f3n encerado para colgar. Aro de porcelana para colocarlo de pie.<\/p>\n","protected":false},"featured_media":291298,"comment_status":"open","ping_status":"closed","template":"","meta":{"_et_pb_use_builder":"","_et_pb_old_content":"","_et_gb_content_width":""},"product_brand":[],"product_cat":[758],"product_tag":[],"class_list":{"0":"post-292084","1":"product","2":"type-product","3":"status-publish","4":"has-post-thumbnail","6":"product_cat-jarrones","8":"first","9":"instock","10":"sale","11":"shipping-taxable","12":"purchasable","13":"product-type-simple"},"_links":{"self":[{"href":"https:\/\/chulointeriors.com\/es\/wp-json\/wp\/v2\/product\/292084","targetHints":{"allow":["GET"]}}],"collection":[{"href":"https:\/\/chulointeriors.com\/es\/wp-json\/wp\/v2\/product"}],"about":[{"href":"https:\/\/chulointeriors.com\/es\/wp-json\/wp\/v2\/types\/product"}],"replies":[{"embeddable":true,"href":"https:\/\/chulointeriors.com\/es\/wp-json\/wp\/v2\/comments?post=292084"}],"wp:featuredmedia":[{"embeddable":true,"href":"https:\/\/chulointeriors.com\/es\/wp-json\/wp\/v2\/media\/291298"}],"wp:attachment":[{"href":"https:\/\/chulointeriors.com\/es\/wp-json\/wp\/v2\/media?parent=292084"}],"wp:term":[{"taxonomy":"product_brand","embeddable":true,"href":"https:\/\/chulointeriors.com\/es\/wp-json\/wp\/v2\/product_brand?post=292084"},{"taxonomy":"product_cat","embeddable":true,"href":"https:\/\/chulointeriors.com\/es\/wp-json\/wp\/v2\/product_cat?post=292084"},{"taxonomy":"product_tag","embeddable":true,"href":"https:\/\/chulointeriors.com\/es\/wp-json\/wp\/v2\/product_tag?post=292084"}],"curies":[{"name":"wp","href":"https:\/\/api.w.org\/{rel}","templated":true}]}}