{"id":292071,"date":"2023-08-23T10:05:59","date_gmt":"2023-08-23T08:05:59","guid":{"rendered":"https:\/\/chulointeriors.com\/product\/jarron-linda-45-cm\/"},"modified":"2024-03-20T20:22:19","modified_gmt":"2024-03-20T18:22:19","slug":"jarron-linda-45-cm","status":"publish","type":"product","link":"https:\/\/chulointeriors.com\/es\/product\/jarron-linda-45-cm\/","title":{"rendered":"Jarr\u00f3n Linda 45 cm"},"content":{"rendered":"<p>Jarr\u00f3n de porcelana. Forma org\u00e1nica.<\/p>\n","protected":false},"excerpt":{"rendered":"<p>Jarr\u00f3n de porcelana. Forma org\u00e1nica.<\/p>\n","protected":false},"featured_media":291337,"comment_status":"open","ping_status":"closed","template":"","meta":{"_et_pb_use_builder":"","_et_pb_old_content":"","_et_gb_content_width":""},"product_brand":[],"product_cat":[758,2036],"product_tag":[],"class_list":{"0":"post-292071","1":"product","2":"type-product","3":"status-publish","4":"has-post-thumbnail","6":"product_cat-jarrones","7":"product_cat-regalos-de-pascua","9":"first","10":"outofstock","11":"sale","12":"shipping-taxable","13":"purchasable","14":"product-type-simple"},"_links":{"self":[{"href":"https:\/\/chulointeriors.com\/es\/wp-json\/wp\/v2\/product\/292071","targetHints":{"allow":["GET"]}}],"collection":[{"href":"https:\/\/chulointeriors.com\/es\/wp-json\/wp\/v2\/product"}],"about":[{"href":"https:\/\/chulointeriors.com\/es\/wp-json\/wp\/v2\/types\/product"}],"replies":[{"embeddable":true,"href":"https:\/\/chulointeriors.com\/es\/wp-json\/wp\/v2\/comments?post=292071"}],"wp:featuredmedia":[{"embeddable":true,"href":"https:\/\/chulointeriors.com\/es\/wp-json\/wp\/v2\/media\/291337"}],"wp:attachment":[{"href":"https:\/\/chulointeriors.com\/es\/wp-json\/wp\/v2\/media?parent=292071"}],"wp:term":[{"taxonomy":"product_brand","embeddable":true,"href":"https:\/\/chulointeriors.com\/es\/wp-json\/wp\/v2\/product_brand?post=292071"},{"taxonomy":"product_cat","embeddable":true,"href":"https:\/\/chulointeriors.com\/es\/wp-json\/wp\/v2\/product_cat?post=292071"},{"taxonomy":"product_tag","embeddable":true,"href":"https:\/\/chulointeriors.com\/es\/wp-json\/wp\/v2\/product_tag?post=292071"}],"curies":[{"name":"wp","href":"https:\/\/api.w.org\/{rel}","templated":true}]}}