{"id":292063,"date":"2023-08-23T12:22:47","date_gmt":"2023-08-23T10:22:47","guid":{"rendered":"https:\/\/chulointeriors.com\/product\/juego-de-cafe-de-27-piezas\/"},"modified":"2024-03-20T20:29:00","modified_gmt":"2024-03-20T18:29:00","slug":"juego-de-cafe-de-27-piezas","status":"publish","type":"product","link":"https:\/\/chulointeriors.com\/es\/product\/juego-de-cafe-de-27-piezas\/","title":{"rendered":"Juego de caf\u00e9 de 27 piezas"},"content":{"rendered":"<p>Juego de caf\u00e9 de 27 piezas colecci\u00f3n Ochavada Blanca.<br \/>Piezas fabricadas artesanalmente en Espa\u00f1a en loza fina.<br \/>En 1841, LA CARTUJA DE SEVILLA impuso con \u00e9xito duradero el dise\u00f1o natural de esta forma moderna y reconocible entre todas las dem\u00e1s. A lo largo de nuestra historia, esta vajilla sencilla y atemporal ha sido la base de numerosas decoraciones.<\/p>\n<ul>\n<li>Azucarero colecci\u00f3n Ochavada Blanca x 1<\/li>\n<li>Cafetera colecci\u00f3n Ochavada Blanca x 1<\/li>\n<li>Lechera colecci\u00f3n Ochavada Blanca x 1<\/li>\n<li>Platillo de caf\u00e9 colecci\u00f3n Ochavada Blanca x 12<\/li>\n<li>Taza de caf\u00e9 colecci\u00f3n Ochavada Blanca x 12<\/li>\n<\/ul>\n","protected":false},"excerpt":{"rendered":"<p>Juego de caf\u00e9 de 27 piezas colecci\u00f3n Ochavada Blanca.Piezas fabricadas artesanalmente en Espa\u00f1a en loza fina.En 1841, LA CARTUJA DE SEVILLA impuso con \u00e9xito duradero el dise\u00f1o natural de esta forma moderna y reconocible entre todas las dem\u00e1s. A lo largo de nuestra historia, esta vajilla sencilla y atemporal ha sido la base de numerosas [&hellip;]<\/p>\n","protected":false},"featured_media":291362,"comment_status":"open","ping_status":"closed","template":"","meta":{"_et_pb_use_builder":"","_et_pb_old_content":"","_et_gb_content_width":""},"product_brand":[],"product_cat":[778,779,776],"product_tag":[],"class_list":{"0":"post-292063","1":"product","2":"type-product","3":"status-publish","4":"has-post-thumbnail","6":"product_cat-jarras","7":"product_cat-placas","8":"product_cat-tazas","10":"first","11":"outofstock","12":"sale","13":"shipping-taxable","14":"purchasable","15":"product-type-simple"},"_links":{"self":[{"href":"https:\/\/chulointeriors.com\/es\/wp-json\/wp\/v2\/product\/292063","targetHints":{"allow":["GET"]}}],"collection":[{"href":"https:\/\/chulointeriors.com\/es\/wp-json\/wp\/v2\/product"}],"about":[{"href":"https:\/\/chulointeriors.com\/es\/wp-json\/wp\/v2\/types\/product"}],"replies":[{"embeddable":true,"href":"https:\/\/chulointeriors.com\/es\/wp-json\/wp\/v2\/comments?post=292063"}],"wp:featuredmedia":[{"embeddable":true,"href":"https:\/\/chulointeriors.com\/es\/wp-json\/wp\/v2\/media\/291362"}],"wp:attachment":[{"href":"https:\/\/chulointeriors.com\/es\/wp-json\/wp\/v2\/media?parent=292063"}],"wp:term":[{"taxonomy":"product_brand","embeddable":true,"href":"https:\/\/chulointeriors.com\/es\/wp-json\/wp\/v2\/product_brand?post=292063"},{"taxonomy":"product_cat","embeddable":true,"href":"https:\/\/chulointeriors.com\/es\/wp-json\/wp\/v2\/product_cat?post=292063"},{"taxonomy":"product_tag","embeddable":true,"href":"https:\/\/chulointeriors.com\/es\/wp-json\/wp\/v2\/product_tag?post=292063"}],"curies":[{"name":"wp","href":"https:\/\/api.w.org\/{rel}","templated":true}]}}