{"id":292058,"date":"2025-07-07T13:43:16","date_gmt":"2025-07-07T11:43:16","guid":{"rendered":"https:\/\/chulointeriors.com\/product\/pilar-pano-bronce-oscuro\/"},"modified":"2025-07-07T16:32:55","modified_gmt":"2025-07-07T14:32:55","slug":"pilar-pano-bronce-oscuro","status":"publish","type":"product","link":"https:\/\/chulointeriors.com\/es\/product\/pilar-pano-bronce-oscuro\/","title":{"rendered":"Pilar PANO bronce oscuro"},"content":{"rendered":"<p>A\u00f1ada un toque de sofisticaci\u00f3n a su espacio con nuestro conjunto de pilares PANO. Este set incluye dos elegantes pilares, de \u00d830&#215;80 cm y \u00d835&#215;100 cm respectivamente, fabricados en metal de alta calidad. Su forma redonda y su acabado en bronce oscuro le confieren un encanto atemporal, que los hace perfectos para cualquier decoraci\u00f3n de interior. Los pilares PANO aportan un toque lujoso a su hogar u oficina, ya sea como piezas independientes o para realzar sus objetos decorativos favoritos. Abrace la belleza del bronce con este conjunto elegante y vers\u00e1til.<\/p>\n","protected":false},"excerpt":{"rendered":"<p>A\u00f1ada un toque de sofisticaci\u00f3n a su espacio con nuestro conjunto de pilares PANO. Este set incluye dos elegantes pilares, de \u00d830&#215;80 cm y \u00d835&#215;100 cm respectivamente, fabricados en metal de alta calidad. Su forma redonda y su acabado en bronce oscuro le confieren un encanto atemporal, que los hace perfectos para cualquier decoraci\u00f3n de [&hellip;]<\/p>\n","protected":false},"featured_media":291384,"comment_status":"open","ping_status":"closed","template":"","meta":{"_et_pb_use_builder":"","_et_pb_old_content":"","_et_gb_content_width":""},"product_brand":[],"product_cat":[773],"product_tag":[],"class_list":{"0":"post-292058","1":"product","2":"type-product","3":"status-publish","4":"has-post-thumbnail","6":"product_cat-tablas","8":"first","9":"instock","10":"shipping-taxable","11":"purchasable","12":"product-type-simple"},"_links":{"self":[{"href":"https:\/\/chulointeriors.com\/es\/wp-json\/wp\/v2\/product\/292058","targetHints":{"allow":["GET"]}}],"collection":[{"href":"https:\/\/chulointeriors.com\/es\/wp-json\/wp\/v2\/product"}],"about":[{"href":"https:\/\/chulointeriors.com\/es\/wp-json\/wp\/v2\/types\/product"}],"replies":[{"embeddable":true,"href":"https:\/\/chulointeriors.com\/es\/wp-json\/wp\/v2\/comments?post=292058"}],"wp:featuredmedia":[{"embeddable":true,"href":"https:\/\/chulointeriors.com\/es\/wp-json\/wp\/v2\/media\/291384"}],"wp:attachment":[{"href":"https:\/\/chulointeriors.com\/es\/wp-json\/wp\/v2\/media?parent=292058"}],"wp:term":[{"taxonomy":"product_brand","embeddable":true,"href":"https:\/\/chulointeriors.com\/es\/wp-json\/wp\/v2\/product_brand?post=292058"},{"taxonomy":"product_cat","embeddable":true,"href":"https:\/\/chulointeriors.com\/es\/wp-json\/wp\/v2\/product_cat?post=292058"},{"taxonomy":"product_tag","embeddable":true,"href":"https:\/\/chulointeriors.com\/es\/wp-json\/wp\/v2\/product_tag?post=292058"}],"curies":[{"name":"wp","href":"https:\/\/api.w.org\/{rel}","templated":true}]}}