{"id":292046,"date":"2024-06-23T17:13:11","date_gmt":"2024-06-23T15:13:11","guid":{"rendered":"https:\/\/chulointeriors.com\/product\/pie-de-lampara-shiva-negro-mate\/"},"modified":"2024-06-25T12:05:16","modified_gmt":"2024-06-25T10:05:16","slug":"pie-de-lampara-shiva-negro-mate","status":"publish","type":"product","link":"https:\/\/chulointeriors.com\/es\/product\/pie-de-lampara-shiva-negro-mate\/","title":{"rendered":"Pie de l\u00e1mpara SHIVA negro mate"},"content":{"rendered":"<p>Introduce un toque elegante y moderno en tu decoraci\u00f3n lum\u00ednica con el pie de l\u00e1mpara SHIVA. Con unas medidas de 20x10x55 cm, este pie de l\u00e1mpara presenta un dise\u00f1o contempor\u00e1neo que encaja a la perfecci\u00f3n en cualquier estilo de interior. El sofisticado acabado en negro mate a\u00f1ade un elemento de elegancia y versatilidad, lo que le permite complementar varias pantallas de l\u00e1mparas y temas de decoraci\u00f3n. Fabricado para ofrecer durabilidad y estilo, el pie de l\u00e1mpara SHIVA es la base perfecta para su soluci\u00f3n de iluminaci\u00f3n personalizada, por lo que es una opci\u00f3n ideal para salones, dormitorios o espacios de oficina.<\/p>\n","protected":false},"excerpt":{"rendered":"<p>Introduce un toque elegante y moderno en tu decoraci\u00f3n lum\u00ednica con el pie de l\u00e1mpara SHIVA. Con unas medidas de 20x10x55 cm, este pie de l\u00e1mpara presenta un dise\u00f1o contempor\u00e1neo que encaja a la perfecci\u00f3n en cualquier estilo de interior. El sofisticado acabado en negro mate a\u00f1ade un elemento de elegancia y versatilidad, lo que [&hellip;]<\/p>\n","protected":false},"featured_media":291420,"comment_status":"open","ping_status":"closed","template":"","meta":{"_et_pb_use_builder":"","_et_pb_old_content":"","_et_gb_content_width":""},"product_brand":[],"product_cat":[785],"product_tag":[],"class_list":{"0":"post-292046","1":"product","2":"type-product","3":"status-publish","4":"has-post-thumbnail","6":"product_cat-lamparas-de-mesa","8":"first","9":"instock","10":"shipping-taxable","11":"purchasable","12":"product-type-simple"},"_links":{"self":[{"href":"https:\/\/chulointeriors.com\/es\/wp-json\/wp\/v2\/product\/292046","targetHints":{"allow":["GET"]}}],"collection":[{"href":"https:\/\/chulointeriors.com\/es\/wp-json\/wp\/v2\/product"}],"about":[{"href":"https:\/\/chulointeriors.com\/es\/wp-json\/wp\/v2\/types\/product"}],"replies":[{"embeddable":true,"href":"https:\/\/chulointeriors.com\/es\/wp-json\/wp\/v2\/comments?post=292046"}],"wp:featuredmedia":[{"embeddable":true,"href":"https:\/\/chulointeriors.com\/es\/wp-json\/wp\/v2\/media\/291420"}],"wp:attachment":[{"href":"https:\/\/chulointeriors.com\/es\/wp-json\/wp\/v2\/media?parent=292046"}],"wp:term":[{"taxonomy":"product_brand","embeddable":true,"href":"https:\/\/chulointeriors.com\/es\/wp-json\/wp\/v2\/product_brand?post=292046"},{"taxonomy":"product_cat","embeddable":true,"href":"https:\/\/chulointeriors.com\/es\/wp-json\/wp\/v2\/product_cat?post=292046"},{"taxonomy":"product_tag","embeddable":true,"href":"https:\/\/chulointeriors.com\/es\/wp-json\/wp\/v2\/product_tag?post=292046"}],"curies":[{"name":"wp","href":"https:\/\/api.w.org\/{rel}","templated":true}]}}