{"id":292040,"date":"2023-08-25T12:57:15","date_gmt":"2023-08-25T10:57:15","guid":{"rendered":"https:\/\/chulointeriors.com\/product\/light-living-pie-de-lampara-diego-ceramica-crudo\/"},"modified":"2023-11-16T12:49:38","modified_gmt":"2023-11-16T10:49:38","slug":"light-living-pie-de-lampara-diego-ceramica-crudo","status":"publish","type":"product","link":"https:\/\/chulointeriors.com\/es\/product\/light-living-pie-de-lampara-diego-ceramica-crudo\/","title":{"rendered":"Light &#038; Living Pie de l\u00e1mpara DIEGO cer\u00e1mica crudo"},"content":{"rendered":"<p>Esta bonita l\u00e1mpara de mesa de Light &amp; Living est\u00e1 fabricada en cer\u00e1mica de color crudo claro. Tiene una estructura juguetona con unas dimensiones de 15,5&#215;51 cm. Con su dise\u00f1o minimalista, desprende tranquilidad y puede dar unidad a su interior. A\u00f1\u00e1dele la pantalla que m\u00e1s te guste para crear un conjunto a tu estilo. Para inspirarte, no dejes de echar un vistazo a nuestro sitio y a los productos relacionados.<\/p>\n","protected":false},"excerpt":{"rendered":"<p>Esta bonita l\u00e1mpara de mesa de Light &amp; Living est\u00e1 fabricada en cer\u00e1mica de color crudo claro. Tiene una estructura juguetona con unas dimensiones de 15,5&#215;51 cm. Con su dise\u00f1o minimalista, desprende tranquilidad y puede dar unidad a su interior. A\u00f1\u00e1dele la pantalla que m\u00e1s te guste para crear un conjunto a tu estilo. Para [&hellip;]<\/p>\n","protected":false},"featured_media":291480,"comment_status":"open","ping_status":"closed","template":"","meta":{"_et_pb_use_builder":"","_et_pb_old_content":"","_et_gb_content_width":""},"product_brand":[],"product_cat":[785],"product_tag":[],"class_list":{"0":"post-292040","1":"product","2":"type-product","3":"status-publish","4":"has-post-thumbnail","6":"product_cat-lamparas-de-mesa","8":"first","9":"outofstock","10":"shipping-taxable","11":"purchasable","12":"product-type-simple"},"_links":{"self":[{"href":"https:\/\/chulointeriors.com\/es\/wp-json\/wp\/v2\/product\/292040","targetHints":{"allow":["GET"]}}],"collection":[{"href":"https:\/\/chulointeriors.com\/es\/wp-json\/wp\/v2\/product"}],"about":[{"href":"https:\/\/chulointeriors.com\/es\/wp-json\/wp\/v2\/types\/product"}],"replies":[{"embeddable":true,"href":"https:\/\/chulointeriors.com\/es\/wp-json\/wp\/v2\/comments?post=292040"}],"wp:featuredmedia":[{"embeddable":true,"href":"https:\/\/chulointeriors.com\/es\/wp-json\/wp\/v2\/media\/291480"}],"wp:attachment":[{"href":"https:\/\/chulointeriors.com\/es\/wp-json\/wp\/v2\/media?parent=292040"}],"wp:term":[{"taxonomy":"product_brand","embeddable":true,"href":"https:\/\/chulointeriors.com\/es\/wp-json\/wp\/v2\/product_brand?post=292040"},{"taxonomy":"product_cat","embeddable":true,"href":"https:\/\/chulointeriors.com\/es\/wp-json\/wp\/v2\/product_cat?post=292040"},{"taxonomy":"product_tag","embeddable":true,"href":"https:\/\/chulointeriors.com\/es\/wp-json\/wp\/v2\/product_tag?post=292040"}],"curies":[{"name":"wp","href":"https:\/\/api.w.org\/{rel}","templated":true}]}}