{"id":292025,"date":"2023-08-26T17:21:16","date_gmt":"2023-08-26T15:21:16","guid":{"rendered":"https:\/\/chulointeriors.com\/product\/mesa-auxiliar-paxos-negro-mate\/"},"modified":"2024-03-19T19:32:29","modified_gmt":"2024-03-19T17:32:29","slug":"mesa-auxiliar-paxos-negro-mate","status":"publish","type":"product","link":"https:\/\/chulointeriors.com\/es\/product\/mesa-auxiliar-paxos-negro-mate\/","title":{"rendered":"Mesa auxiliar PAXOS negro mate"},"content":{"rendered":"<p>\u00d845&#215;64 cm<\/p>\n<p>Light &amp; Living tiene una amplia colecci\u00f3n de elegantes accesorios para el hogar y (peque\u00f1os) muebles. \u00bfSab\u00eda que todas las mesas se fabrican en nuestro propio taller de los Pa\u00edses Bajos? El resultado son colores y dise\u00f1os \u00fanicos, acordes con las tendencias de decoraci\u00f3n del hogar. Los productos de Light &amp; Living son siempre muy populares.<\/p>\n","protected":false},"excerpt":{"rendered":"<p>\u00d845&#215;64 cm Light &amp; Living tiene una amplia colecci\u00f3n de elegantes accesorios para el hogar y (peque\u00f1os) muebles. \u00bfSab\u00eda que todas las mesas se fabrican en nuestro propio taller de los Pa\u00edses Bajos? El resultado son colores y dise\u00f1os \u00fanicos, acordes con las tendencias de decoraci\u00f3n del hogar. Los productos de Light &amp; Living son [&hellip;]<\/p>\n","protected":false},"featured_media":291519,"comment_status":"open","ping_status":"closed","template":"","meta":{"_et_pb_use_builder":"","_et_pb_old_content":"","_et_gb_content_width":""},"product_brand":[],"product_cat":[773],"product_tag":[],"class_list":{"0":"post-292025","1":"product","2":"type-product","3":"status-publish","4":"has-post-thumbnail","6":"product_cat-tablas","8":"first","9":"outofstock","10":"shipping-taxable","11":"purchasable","12":"product-type-simple"},"_links":{"self":[{"href":"https:\/\/chulointeriors.com\/es\/wp-json\/wp\/v2\/product\/292025","targetHints":{"allow":["GET"]}}],"collection":[{"href":"https:\/\/chulointeriors.com\/es\/wp-json\/wp\/v2\/product"}],"about":[{"href":"https:\/\/chulointeriors.com\/es\/wp-json\/wp\/v2\/types\/product"}],"replies":[{"embeddable":true,"href":"https:\/\/chulointeriors.com\/es\/wp-json\/wp\/v2\/comments?post=292025"}],"wp:featuredmedia":[{"embeddable":true,"href":"https:\/\/chulointeriors.com\/es\/wp-json\/wp\/v2\/media\/291519"}],"wp:attachment":[{"href":"https:\/\/chulointeriors.com\/es\/wp-json\/wp\/v2\/media?parent=292025"}],"wp:term":[{"taxonomy":"product_brand","embeddable":true,"href":"https:\/\/chulointeriors.com\/es\/wp-json\/wp\/v2\/product_brand?post=292025"},{"taxonomy":"product_cat","embeddable":true,"href":"https:\/\/chulointeriors.com\/es\/wp-json\/wp\/v2\/product_cat?post=292025"},{"taxonomy":"product_tag","embeddable":true,"href":"https:\/\/chulointeriors.com\/es\/wp-json\/wp\/v2\/product_tag?post=292025"}],"curies":[{"name":"wp","href":"https:\/\/api.w.org\/{rel}","templated":true}]}}