{"id":292013,"date":"2023-08-26T19:29:55","date_gmt":"2023-08-26T17:29:55","guid":{"rendered":"https:\/\/chulointeriors.com\/product\/laton-almendra\/"},"modified":"2024-03-19T21:06:18","modified_gmt":"2024-03-19T19:06:18","slug":"laton-almendra","status":"publish","type":"product","link":"https:\/\/chulointeriors.com\/es\/product\/laton-almendra\/","title":{"rendered":"Lat\u00f3n Almendra"},"content":{"rendered":"<p>Inspirada en su hom\u00f3nima de la naturaleza, Almond tiene la forma perfecta de una almendra.<\/p>\n<p>Como la mayor\u00eda de las cosas buenas de la vida, la esencia de Almond es el equilibrio. Dale un ligero toque con el dedo y ver\u00e1s c\u00f3mo se inclina de un lado a otro para volver a su centro.<\/p>\n<p>Almond es un pisalibros que sirve tambi\u00e9n de tarjetero, para destacar una tarjeta de felicitaci\u00f3n de un ser querido, sostener un anuncio de un producto en exposici\u00f3n o tu foto familiar favorita. Como sujetalibros que acompa\u00f1a a tus libros y revistas, Almond a\u00f1ade un toque de discreta elegancia. Puede dejar sus libros abiertos y colocar Almond en la p\u00e1gina que contenga un pasaje que aprecie, o puede hacer que Almond adorne la portada.<\/p>\n<p>Fabricado en lat\u00f3n macizo y con un peso de 175 gramos, Almond transmite una sensaci\u00f3n tranquilizadora de meticulosa artesan\u00eda al sostenerlo entre las manos. La superficie lisa envejecer\u00e1 lenta pero seguramente, dando a Almond una p\u00e1tina \u00fanica causada por tus libros y tus manos.<\/p>\n","protected":false},"excerpt":{"rendered":"<p>Inspirada en su hom\u00f3nima de la naturaleza, Almond tiene la forma perfecta de una almendra. Como la mayor\u00eda de las cosas buenas de la vida, la esencia de Almond es el equilibrio. Dale un ligero toque con el dedo y ver\u00e1s c\u00f3mo se inclina de un lado a otro para volver a su centro. Almond [&hellip;]<\/p>\n","protected":false},"featured_media":291550,"comment_status":"open","ping_status":"closed","template":"","meta":{"_et_pb_use_builder":"","_et_pb_old_content":"","_et_gb_content_width":""},"product_brand":[],"product_cat":[747],"product_tag":[],"class_list":{"0":"post-292013","1":"product","2":"type-product","3":"status-publish","4":"has-post-thumbnail","6":"product_cat-soportes-para-libros-y-accesorios","8":"first","9":"outofstock","10":"shipping-taxable","11":"purchasable","12":"product-type-simple"},"_links":{"self":[{"href":"https:\/\/chulointeriors.com\/es\/wp-json\/wp\/v2\/product\/292013","targetHints":{"allow":["GET"]}}],"collection":[{"href":"https:\/\/chulointeriors.com\/es\/wp-json\/wp\/v2\/product"}],"about":[{"href":"https:\/\/chulointeriors.com\/es\/wp-json\/wp\/v2\/types\/product"}],"replies":[{"embeddable":true,"href":"https:\/\/chulointeriors.com\/es\/wp-json\/wp\/v2\/comments?post=292013"}],"wp:featuredmedia":[{"embeddable":true,"href":"https:\/\/chulointeriors.com\/es\/wp-json\/wp\/v2\/media\/291550"}],"wp:attachment":[{"href":"https:\/\/chulointeriors.com\/es\/wp-json\/wp\/v2\/media?parent=292013"}],"wp:term":[{"taxonomy":"product_brand","embeddable":true,"href":"https:\/\/chulointeriors.com\/es\/wp-json\/wp\/v2\/product_brand?post=292013"},{"taxonomy":"product_cat","embeddable":true,"href":"https:\/\/chulointeriors.com\/es\/wp-json\/wp\/v2\/product_cat?post=292013"},{"taxonomy":"product_tag","embeddable":true,"href":"https:\/\/chulointeriors.com\/es\/wp-json\/wp\/v2\/product_tag?post=292013"}],"curies":[{"name":"wp","href":"https:\/\/api.w.org\/{rel}","templated":true}]}}