{"id":292012,"date":"2023-08-26T23:14:39","date_gmt":"2023-08-26T21:14:39","guid":{"rendered":"https:\/\/chulointeriors.com\/product\/bespoke-beyond-book-detalles-de-interior-de-alta-gama\/"},"modified":"2024-03-19T21:17:44","modified_gmt":"2024-03-19T19:17:44","slug":"bespoke-beyond-book-detalles-de-interior-de-alta-gama","status":"publish","type":"product","link":"https:\/\/chulointeriors.com\/es\/product\/bespoke-beyond-book-detalles-de-interior-de-alta-gama\/","title":{"rendered":"Bespoke &#038; Beyond Book &#8211; Detalles de interior de alta gama"},"content":{"rendered":"<p>Repleto de bellas fotograf\u00edas in\u00e9ditas, &#8220;Bespoke &amp; Beyond&#8221; recopila los 16 proyectos residenciales m\u00e1s recientes que muestran c\u00f3mo habitar con \u00e9xito los hogares.<\/p>\n<p>Todas las residencias se adhieren a principios que transforman una mera serie de espacios en hogares elegantes y sofisticados, que responden a las personas que los habitan cada d\u00eda. Con una variada mezcla de capas de materiales y texturas, escala y proporci\u00f3n, la iluminaci\u00f3n adecuada, arte y objetos, este t\u00edtulo tan detallado ilustra los diferentes enfoques del dise\u00f1o de interiores de arquitectos y dise\u00f1adores de renombre. Combinando elementos cl\u00e1sicos y modernos para crear un entorno personal y apacible, estas casas presentan estilos tradicionales refinados hasta la perfecci\u00f3n.<\/p>\n<p>&#8220;Bespoke &amp; Beyond&#8221; tiene un enfoque atemporal del lujo discreto que ofrece al lector una visi\u00f3n de c\u00f3mo lograr una elegancia sofisticada que sea discreta y apropiada. Sin duda, un libro imprescindible para aficionados y profesionales en busca de inspiraci\u00f3n para el dise\u00f1o. Una gran adici\u00f3n a su colecci\u00f3n de dise\u00f1o.<\/p>\n","protected":false},"excerpt":{"rendered":"<p>Repleto de bellas fotograf\u00edas in\u00e9ditas, &#8220;Bespoke &amp; Beyond&#8221; recopila los 16 proyectos residenciales m\u00e1s recientes que muestran c\u00f3mo habitar con \u00e9xito los hogares. Todas las residencias se adhieren a principios que transforman una mera serie de espacios en hogares elegantes y sofisticados, que responden a las personas que los habitan cada d\u00eda. Con una variada [&hellip;]<\/p>\n","protected":false},"featured_media":291551,"comment_status":"open","ping_status":"closed","template":"","meta":{"_et_pb_use_builder":"","_et_pb_old_content":"","_et_gb_content_width":""},"product_brand":[],"product_cat":[746],"product_tag":[],"class_list":{"0":"post-292012","1":"product","2":"type-product","3":"status-publish","4":"has-post-thumbnail","6":"product_cat-libros","8":"first","9":"outofstock","10":"shipping-taxable","11":"purchasable","12":"product-type-simple"},"_links":{"self":[{"href":"https:\/\/chulointeriors.com\/es\/wp-json\/wp\/v2\/product\/292012","targetHints":{"allow":["GET"]}}],"collection":[{"href":"https:\/\/chulointeriors.com\/es\/wp-json\/wp\/v2\/product"}],"about":[{"href":"https:\/\/chulointeriors.com\/es\/wp-json\/wp\/v2\/types\/product"}],"replies":[{"embeddable":true,"href":"https:\/\/chulointeriors.com\/es\/wp-json\/wp\/v2\/comments?post=292012"}],"wp:featuredmedia":[{"embeddable":true,"href":"https:\/\/chulointeriors.com\/es\/wp-json\/wp\/v2\/media\/291551"}],"wp:attachment":[{"href":"https:\/\/chulointeriors.com\/es\/wp-json\/wp\/v2\/media?parent=292012"}],"wp:term":[{"taxonomy":"product_brand","embeddable":true,"href":"https:\/\/chulointeriors.com\/es\/wp-json\/wp\/v2\/product_brand?post=292012"},{"taxonomy":"product_cat","embeddable":true,"href":"https:\/\/chulointeriors.com\/es\/wp-json\/wp\/v2\/product_cat?post=292012"},{"taxonomy":"product_tag","embeddable":true,"href":"https:\/\/chulointeriors.com\/es\/wp-json\/wp\/v2\/product_tag?post=292012"}],"curies":[{"name":"wp","href":"https:\/\/api.w.org\/{rel}","templated":true}]}}