{"id":292011,"date":"2023-08-26T23:27:42","date_gmt":"2023-08-26T21:27:42","guid":{"rendered":"https:\/\/chulointeriors.com\/product\/joseph-dirand-interiores\/"},"modified":"2024-03-19T21:40:59","modified_gmt":"2024-03-19T19:40:59","slug":"joseph-dirand-interiores","status":"publish","type":"product","link":"https:\/\/chulointeriors.com\/es\/product\/joseph-dirand-interiores\/","title":{"rendered":"Joseph Dirand &#8211; Interiores"},"content":{"rendered":"<p>La primera monograf\u00eda sobre uno de los arquitectos m\u00e1s c\u00e9lebres de la actualidad, famoso por dise\u00f1ar interiores que combinan el minimalismo con el estilo cl\u00e1sico franc\u00e9s. Cuando se describe un espacio que entrelaza minimalismo y elegancia, el nombre de Joseph Dirand viene inmediatamente a la mente.<\/p>\n<p>Hijo de Jacques Dirand, uno de los fot\u00f3grafos de interiores m\u00e1s famosos de su \u00e9poca, Joseph Dirand es hoy uno de los arquitectos m\u00e1s solicitados. Al incorporar un estilo franc\u00e9s por excelencia a interiores que de otro modo ser\u00edan minimalistas, Dirand crea espacios reconocibles al instante, conocidos por sus l\u00edneas fuertes y su meticulosa precisi\u00f3n. Este libro se centra principalmente en el trabajo de dise\u00f1o de interiores residenciales de Dirand en Par\u00eds y Nueva York, aunque tambi\u00e9n presenta algunos de sus aclamados dise\u00f1os para interiores de hoteles, restaurantes y casas de moda de todo el mundo. Profusamente ilustrado con fotograf\u00edas que captan la atemporalidad de su estilo, que hace gala de proporciones impecables y una impresionante atenci\u00f3n al detalle, Joseph Dirand: Interior es un fest\u00edn para la vista e imprescindible para cualquier persona interesada en el dise\u00f1o de interiores.<\/p>\n","protected":false},"excerpt":{"rendered":"<p>La primera monograf\u00eda sobre uno de los arquitectos m\u00e1s c\u00e9lebres de la actualidad, famoso por dise\u00f1ar interiores que combinan el minimalismo con el estilo cl\u00e1sico franc\u00e9s. Cuando se describe un espacio que entrelaza minimalismo y elegancia, el nombre de Joseph Dirand viene inmediatamente a la mente. Hijo de Jacques Dirand, uno de los fot\u00f3grafos de [&hellip;]<\/p>\n","protected":false},"featured_media":291555,"comment_status":"open","ping_status":"closed","template":"","meta":{"_et_pb_use_builder":"","_et_pb_old_content":"","_et_gb_content_width":""},"product_brand":[],"product_cat":[746],"product_tag":[],"class_list":{"0":"post-292011","1":"product","2":"type-product","3":"status-publish","4":"has-post-thumbnail","6":"product_cat-libros","8":"first","9":"outofstock","10":"sale","11":"shipping-taxable","12":"purchasable","13":"product-type-simple"},"_links":{"self":[{"href":"https:\/\/chulointeriors.com\/es\/wp-json\/wp\/v2\/product\/292011","targetHints":{"allow":["GET"]}}],"collection":[{"href":"https:\/\/chulointeriors.com\/es\/wp-json\/wp\/v2\/product"}],"about":[{"href":"https:\/\/chulointeriors.com\/es\/wp-json\/wp\/v2\/types\/product"}],"replies":[{"embeddable":true,"href":"https:\/\/chulointeriors.com\/es\/wp-json\/wp\/v2\/comments?post=292011"}],"wp:featuredmedia":[{"embeddable":true,"href":"https:\/\/chulointeriors.com\/es\/wp-json\/wp\/v2\/media\/291555"}],"wp:attachment":[{"href":"https:\/\/chulointeriors.com\/es\/wp-json\/wp\/v2\/media?parent=292011"}],"wp:term":[{"taxonomy":"product_brand","embeddable":true,"href":"https:\/\/chulointeriors.com\/es\/wp-json\/wp\/v2\/product_brand?post=292011"},{"taxonomy":"product_cat","embeddable":true,"href":"https:\/\/chulointeriors.com\/es\/wp-json\/wp\/v2\/product_cat?post=292011"},{"taxonomy":"product_tag","embeddable":true,"href":"https:\/\/chulointeriors.com\/es\/wp-json\/wp\/v2\/product_tag?post=292011"}],"curies":[{"name":"wp","href":"https:\/\/api.w.org\/{rel}","templated":true}]}}