{"id":292008,"date":"2023-08-26T23:51:28","date_gmt":"2023-08-26T21:51:28","guid":{"rendered":"https:\/\/chulointeriors.com\/product\/grandes-escapadas-europa\/"},"modified":"2024-03-19T21:41:55","modified_gmt":"2024-03-19T19:41:55","slug":"grandes-escapadas-europa","status":"publish","type":"product","link":"https:\/\/chulointeriors.com\/es\/product\/grandes-escapadas-europa\/","title":{"rendered":"Grandes Escapadas Europa"},"content":{"rendered":"<p>Desde una finca portuguesa de 150 a\u00f1os hasta el Budsjord noruego, \u00faltima parada de una de las rutas de peregrinaci\u00f3n m\u00e1s solitarias del mundo, Angelika Taschen recorre el continente europeo en busca de los lugares m\u00e1s bellos para descansar la cabeza. Esta gu\u00eda actualizada describe cada hotel con fotograf\u00edas de postal e informaci\u00f3n clave, como direcciones, datos de contacto y recomendaciones de lectura.<\/p>\n<p>Angelika Taschen<\/p>\n<p>Tapa dura, 23,8 x 30,2 cm, 360 p\u00e1ginas<\/p>\n","protected":false},"excerpt":{"rendered":"<p>Desde una finca portuguesa de 150 a\u00f1os hasta el Budsjord noruego, \u00faltima parada de una de las rutas de peregrinaci\u00f3n m\u00e1s solitarias del mundo, Angelika Taschen recorre el continente europeo en busca de los lugares m\u00e1s bellos para descansar la cabeza. Esta gu\u00eda actualizada describe cada hotel con fotograf\u00edas de postal e informaci\u00f3n clave, como [&hellip;]<\/p>\n","protected":false},"featured_media":291567,"comment_status":"open","ping_status":"closed","template":"","meta":{"_et_pb_use_builder":"","_et_pb_old_content":"","_et_gb_content_width":""},"product_brand":[],"product_cat":[746],"product_tag":[],"class_list":{"0":"post-292008","1":"product","2":"type-product","3":"status-publish","4":"has-post-thumbnail","6":"product_cat-libros","8":"first","9":"instock","10":"sale","11":"shipping-taxable","12":"purchasable","13":"product-type-simple"},"_links":{"self":[{"href":"https:\/\/chulointeriors.com\/es\/wp-json\/wp\/v2\/product\/292008","targetHints":{"allow":["GET"]}}],"collection":[{"href":"https:\/\/chulointeriors.com\/es\/wp-json\/wp\/v2\/product"}],"about":[{"href":"https:\/\/chulointeriors.com\/es\/wp-json\/wp\/v2\/types\/product"}],"replies":[{"embeddable":true,"href":"https:\/\/chulointeriors.com\/es\/wp-json\/wp\/v2\/comments?post=292008"}],"wp:featuredmedia":[{"embeddable":true,"href":"https:\/\/chulointeriors.com\/es\/wp-json\/wp\/v2\/media\/291567"}],"wp:attachment":[{"href":"https:\/\/chulointeriors.com\/es\/wp-json\/wp\/v2\/media?parent=292008"}],"wp:term":[{"taxonomy":"product_brand","embeddable":true,"href":"https:\/\/chulointeriors.com\/es\/wp-json\/wp\/v2\/product_brand?post=292008"},{"taxonomy":"product_cat","embeddable":true,"href":"https:\/\/chulointeriors.com\/es\/wp-json\/wp\/v2\/product_cat?post=292008"},{"taxonomy":"product_tag","embeddable":true,"href":"https:\/\/chulointeriors.com\/es\/wp-json\/wp\/v2\/product_tag?post=292008"}],"curies":[{"name":"wp","href":"https:\/\/api.w.org\/{rel}","templated":true}]}}