{"id":292007,"date":"2023-08-26T23:56:48","date_gmt":"2023-08-26T21:56:48","guid":{"rendered":"https:\/\/chulointeriors.com\/product\/vivir-bien\/"},"modified":"2024-03-19T21:50:44","modified_gmt":"2024-03-19T19:50:44","slug":"vivir-bien","status":"publish","type":"product","link":"https:\/\/chulointeriors.com\/es\/product\/vivir-bien\/","title":{"rendered":"Vivir la belleza"},"content":{"rendered":"<p>Un dise\u00f1o bonito no es s\u00f3lo agradable a la vista; mejora nuestra calidad de vida. Ayuda a fomentar las tradiciones, rituales y ceremonias que creamos en nuestros hogares. En Live Beautiful, el esperado libro de dise\u00f1o de Athena Calderone, la creadora de EyeSwoon recurre a su red de decoradores de interiores, dise\u00f1adores de moda y creadores de tendencias para revelar c\u00f3mo se crean los interiores cuidadosamente elaborados. Tambi\u00e9n nos abre las puertas de dos de sus propias residencias.<\/p>\n<p>Con cada propietario, Calderone explora la chispa inicial de inspiraci\u00f3n que incit\u00f3 el viaje del dise\u00f1o y los objetos, historias y referencias profundamente personales que lo acompa\u00f1aron. A continuaci\u00f3n, desglosa los detalles de las habitaciones, como las texturas y los estampados en capas, las piezas coleccionadas y las vi\u00f1etas personalizadas, y ofrece sugerencias y consejos \u00fatiles sobre c\u00f3mo trasladar estos elevados elementos a su propio espacio. Lleno de magn\u00edficas fotograf\u00edas de Nicole Franzen, Live Beautiful es tanto una muestra de dise\u00f1o exquisito como una gu\u00eda para crear un hogar \u00fanico y bien pensado.<\/p>\n","protected":false},"excerpt":{"rendered":"<p>Un dise\u00f1o bonito no es s\u00f3lo agradable a la vista; mejora nuestra calidad de vida. Ayuda a fomentar las tradiciones, rituales y ceremonias que creamos en nuestros hogares. En Live Beautiful, el esperado libro de dise\u00f1o de Athena Calderone, la creadora de EyeSwoon recurre a su red de decoradores de interiores, dise\u00f1adores de moda y [&hellip;]<\/p>\n","protected":false},"featured_media":291571,"comment_status":"open","ping_status":"closed","template":"","meta":{"_et_pb_use_builder":"","_et_pb_old_content":"","_et_gb_content_width":""},"product_brand":[],"product_cat":[746],"product_tag":[],"class_list":{"0":"post-292007","1":"product","2":"type-product","3":"status-publish","4":"has-post-thumbnail","6":"product_cat-libros","8":"first","9":"instock","10":"sale","11":"shipping-taxable","12":"purchasable","13":"product-type-simple"},"_links":{"self":[{"href":"https:\/\/chulointeriors.com\/es\/wp-json\/wp\/v2\/product\/292007","targetHints":{"allow":["GET"]}}],"collection":[{"href":"https:\/\/chulointeriors.com\/es\/wp-json\/wp\/v2\/product"}],"about":[{"href":"https:\/\/chulointeriors.com\/es\/wp-json\/wp\/v2\/types\/product"}],"replies":[{"embeddable":true,"href":"https:\/\/chulointeriors.com\/es\/wp-json\/wp\/v2\/comments?post=292007"}],"wp:featuredmedia":[{"embeddable":true,"href":"https:\/\/chulointeriors.com\/es\/wp-json\/wp\/v2\/media\/291571"}],"wp:attachment":[{"href":"https:\/\/chulointeriors.com\/es\/wp-json\/wp\/v2\/media?parent=292007"}],"wp:term":[{"taxonomy":"product_brand","embeddable":true,"href":"https:\/\/chulointeriors.com\/es\/wp-json\/wp\/v2\/product_brand?post=292007"},{"taxonomy":"product_cat","embeddable":true,"href":"https:\/\/chulointeriors.com\/es\/wp-json\/wp\/v2\/product_cat?post=292007"},{"taxonomy":"product_tag","embeddable":true,"href":"https:\/\/chulointeriors.com\/es\/wp-json\/wp\/v2\/product_tag?post=292007"}],"curies":[{"name":"wp","href":"https:\/\/api.w.org\/{rel}","templated":true}]}}