{"id":292006,"date":"2023-08-27T00:07:21","date_gmt":"2023-08-26T22:07:21","guid":{"rendered":"https:\/\/chulointeriors.com\/product\/residencias-modernas\/"},"modified":"2024-03-19T21:51:31","modified_gmt":"2024-03-19T19:51:31","slug":"residencias-modernas","status":"publish","type":"product","link":"https:\/\/chulointeriors.com\/es\/product\/residencias-modernas\/","title":{"rendered":"Residencias modernas"},"content":{"rendered":"<p>17 proyectos de todo el mundo realizados por arquitectos e interioristas de renombre: Framework (Pa\u00edses Bajos), Warren Garrett (Canad\u00e1\/Estados Unidos), Bernd Gruber (Austria), Caprini Pellerin Architects (Francia), Piotr Paradowski (Polonia), Avenue Design Studio (Pa\u00edses Bajos), Rue Verte (Dinamarca), Guillaume Terver para LeLad (Francia), Jolson (Australia), Mathieson Architects (Australia), Lawless &amp; Meyerson (Australia), Ashley Botten Design (Canad\u00e1), Mecanismo (Espa\u00f1a), Marianna Fiorin Interiors (EE.UU.), Atelier New York Architecture (EE.UU.), Originate (Reino Unido\/EE.UU.), Kevin De Smet (B\u00e9lgica), Found Associates (Reino Unido).<\/p>\n<p>Este nuevo libro demuestra que el modernismo y el minimalismo son est\u00e9ticas muy flexibles, estilos en los que pueden -y deben- prevalecer las preferencias personales.<\/p>\n<p>&#8220;Modern Residences&#8221; ofrece una visi\u00f3n inspiradora de espacios de vida contempor\u00e1neos totalmente elegantes. Proporciona un acceso \u00fanico a distinguidas residencias con una perspectiva moderna. Desde modestas revisiones hasta construcciones de nueva planta y renovaciones completas, estas distintas casas de todo el mundo son a la vez elegantes y relajadas y ofrecen inspiraci\u00f3n e ideas a decoradores y propietarios que buscan inspiraci\u00f3n para un dise\u00f1o elegante.<\/p>\n<p>Repleto de hermosas fotograf\u00edas in\u00e9ditas, este exhaustivo libro capta la discreta elegancia de estas casas. Un libro imprescindible para los amantes del modernismo y el minimalismo. El dise\u00f1o moderno en su m\u00e1xima expresi\u00f3n.<\/p>\n","protected":false},"excerpt":{"rendered":"<p>17 proyectos de todo el mundo realizados por arquitectos e interioristas de renombre: Framework (Pa\u00edses Bajos), Warren Garrett (Canad\u00e1\/Estados Unidos), Bernd Gruber (Austria), Caprini Pellerin Architects (Francia), Piotr Paradowski (Polonia), Avenue Design Studio (Pa\u00edses Bajos), Rue Verte (Dinamarca), Guillaume Terver para LeLad (Francia), Jolson (Australia), Mathieson Architects (Australia), Lawless &amp; Meyerson (Australia), Ashley Botten Design [&hellip;]<\/p>\n","protected":false},"featured_media":291575,"comment_status":"open","ping_status":"closed","template":"","meta":{"_et_pb_use_builder":"","_et_pb_old_content":"","_et_gb_content_width":""},"product_brand":[],"product_cat":[746],"product_tag":[],"class_list":{"0":"post-292006","1":"product","2":"type-product","3":"status-publish","4":"has-post-thumbnail","6":"product_cat-libros","8":"first","9":"instock","10":"shipping-taxable","11":"purchasable","12":"product-type-simple"},"_links":{"self":[{"href":"https:\/\/chulointeriors.com\/es\/wp-json\/wp\/v2\/product\/292006","targetHints":{"allow":["GET"]}}],"collection":[{"href":"https:\/\/chulointeriors.com\/es\/wp-json\/wp\/v2\/product"}],"about":[{"href":"https:\/\/chulointeriors.com\/es\/wp-json\/wp\/v2\/types\/product"}],"replies":[{"embeddable":true,"href":"https:\/\/chulointeriors.com\/es\/wp-json\/wp\/v2\/comments?post=292006"}],"wp:featuredmedia":[{"embeddable":true,"href":"https:\/\/chulointeriors.com\/es\/wp-json\/wp\/v2\/media\/291575"}],"wp:attachment":[{"href":"https:\/\/chulointeriors.com\/es\/wp-json\/wp\/v2\/media?parent=292006"}],"wp:term":[{"taxonomy":"product_brand","embeddable":true,"href":"https:\/\/chulointeriors.com\/es\/wp-json\/wp\/v2\/product_brand?post=292006"},{"taxonomy":"product_cat","embeddable":true,"href":"https:\/\/chulointeriors.com\/es\/wp-json\/wp\/v2\/product_cat?post=292006"},{"taxonomy":"product_tag","embeddable":true,"href":"https:\/\/chulointeriors.com\/es\/wp-json\/wp\/v2\/product_tag?post=292006"}],"curies":[{"name":"wp","href":"https:\/\/api.w.org\/{rel}","templated":true}]}}