{"id":292004,"date":"2023-08-27T00:47:52","date_gmt":"2023-08-26T22:47:52","guid":{"rendered":"https:\/\/chulointeriors.com\/product\/polpo\/"},"modified":"2024-03-19T21:53:17","modified_gmt":"2024-03-19T19:53:17","slug":"polpo","status":"publish","type":"product","link":"https:\/\/chulointeriors.com\/es\/product\/polpo\/","title":{"rendered":"Polpo"},"content":{"rendered":"<p>POLPO es uno de los restaurantes de moda de la ciudad, escondido en una callejuela del Soho londinense. Cr\u00edticos y aficionados a la cocina acuden en masa a este discreto b\u00e0caro donde Russell Norman sirve platos de las callejuelas de Venecia. Lejos de los restaurantes tur\u00edsticos de la famosa ciudad flotante, este tipo de cocina es sencilla, innovadora y exuberantemente deliciosa.<\/p>\n<p>Entre las 140 recetas del libro, destacan los montaditos caprese, los calabacines fritos, los esp\u00e1rragos con parmesano y mantequilla de anchoas, el risotto de calabaza, los arancini, el conejo cacciatore, la ensalada templada de pato con nueces mojadas y remolacha, las pizzas crujientes con prosciutto y r\u00facula, vieiras con lim\u00f3n y menta, tartar de caballa, linguini con almejas, dorada entera, ensalada tibia de pulpo, cangrejo de caparaz\u00f3n blando rebozado con parmesano y ensalada de hinojo, semifr\u00edo de nueces y miel, tiramis\u00fa, bellinis efervescentes y vasos de spritz de naranja brillante.<\/p>\n<p>Con fotograf\u00edas luminiscentes de Jenny Zarins, que captan los rincones poco frecuentados, los bulliciosos b\u00e0cari y los sublimes cursos de agua de Venecia, POLPO es un deslumbrante homenaje a la mejor cocina oculta de Italia.<\/p>\n","protected":false},"excerpt":{"rendered":"<p>POLPO es uno de los restaurantes de moda de la ciudad, escondido en una callejuela del Soho londinense. Cr\u00edticos y aficionados a la cocina acuden en masa a este discreto b\u00e0caro donde Russell Norman sirve platos de las callejuelas de Venecia. Lejos de los restaurantes tur\u00edsticos de la famosa ciudad flotante, este tipo de cocina [&hellip;]<\/p>\n","protected":false},"featured_media":291583,"comment_status":"open","ping_status":"closed","template":"","meta":{"_et_pb_use_builder":"","_et_pb_old_content":"","_et_gb_content_width":""},"product_brand":[],"product_cat":[746],"product_tag":[],"class_list":{"0":"post-292004","1":"product","2":"type-product","3":"status-publish","4":"has-post-thumbnail","6":"product_cat-libros","8":"first","9":"outofstock","10":"shipping-taxable","11":"purchasable","12":"product-type-simple"},"_links":{"self":[{"href":"https:\/\/chulointeriors.com\/es\/wp-json\/wp\/v2\/product\/292004","targetHints":{"allow":["GET"]}}],"collection":[{"href":"https:\/\/chulointeriors.com\/es\/wp-json\/wp\/v2\/product"}],"about":[{"href":"https:\/\/chulointeriors.com\/es\/wp-json\/wp\/v2\/types\/product"}],"replies":[{"embeddable":true,"href":"https:\/\/chulointeriors.com\/es\/wp-json\/wp\/v2\/comments?post=292004"}],"wp:featuredmedia":[{"embeddable":true,"href":"https:\/\/chulointeriors.com\/es\/wp-json\/wp\/v2\/media\/291583"}],"wp:attachment":[{"href":"https:\/\/chulointeriors.com\/es\/wp-json\/wp\/v2\/media?parent=292004"}],"wp:term":[{"taxonomy":"product_brand","embeddable":true,"href":"https:\/\/chulointeriors.com\/es\/wp-json\/wp\/v2\/product_brand?post=292004"},{"taxonomy":"product_cat","embeddable":true,"href":"https:\/\/chulointeriors.com\/es\/wp-json\/wp\/v2\/product_cat?post=292004"},{"taxonomy":"product_tag","embeddable":true,"href":"https:\/\/chulointeriors.com\/es\/wp-json\/wp\/v2\/product_tag?post=292004"}],"curies":[{"name":"wp","href":"https:\/\/api.w.org\/{rel}","templated":true}]}}