{"id":292003,"date":"2023-08-27T00:51:18","date_gmt":"2023-08-26T22:51:18","guid":{"rendered":"https:\/\/chulointeriors.com\/product\/soft-minimal-por-norm-architects\/"},"modified":"2024-03-19T21:54:08","modified_gmt":"2024-03-19T19:54:08","slug":"soft-minimal-por-norm-architects","status":"publish","type":"product","link":"https:\/\/chulointeriors.com\/es\/product\/soft-minimal-por-norm-architects\/","title":{"rendered":"Soft Minimal &#8211; Por Norm Architects"},"content":{"rendered":"<p>Somos un producto de nuestro entorno. Los espacios que habitamos y los objetos con los que vivimos influyen en nuestra forma de sentir, pensar y comportarnos, y constituyen el marco de nuestras identidades y nuestra historia vital. Guiado por el prop\u00f3sito del bienestar, el estudio Norm Architects, con sede en Copenhague, aborda la creaci\u00f3n de arquitectura, interiores y mobiliario desde la convicci\u00f3n de que un buen dise\u00f1o es un elemento importante de una buena vida.<\/p>\n<p>A trav\u00e9s de los perspicaces ensayos y las im\u00e1genes t\u00e1ctiles recogidas en Soft Minimal, Norm Architects comparte los principios que sustentan una filosof\u00eda de dise\u00f1o centrada en el ser humano y perfeccionada a lo largo de 15 a\u00f1os. El ingenioso equilibrio de luces y sombras se refleja en un refugio sueco, mientras que una casa japonesa profesa tranquilamente el efecto calmante de los materiales naturales; una residencia de Sri Lanka aboga por llevar el paisaje al interior y un espacio comercial dan\u00e9s celebra la tactilidad.<\/p>\n<p>Como libro de consulta e inspiraci\u00f3n est\u00e9tica para profesionales y aficionados al dise\u00f1o, Soft Minimal ofrece una perspectiva matizada del minimalismo, c\u00e1lida, sensorial y duradera.<\/p>\n","protected":false},"excerpt":{"rendered":"<p>Somos un producto de nuestro entorno. Los espacios que habitamos y los objetos con los que vivimos influyen en nuestra forma de sentir, pensar y comportarnos, y constituyen el marco de nuestras identidades y nuestra historia vital. Guiado por el prop\u00f3sito del bienestar, el estudio Norm Architects, con sede en Copenhague, aborda la creaci\u00f3n de [&hellip;]<\/p>\n","protected":false},"featured_media":291585,"comment_status":"open","ping_status":"closed","template":"","meta":{"_et_pb_use_builder":"","_et_pb_old_content":"","_et_gb_content_width":""},"product_brand":[],"product_cat":[746],"product_tag":[],"class_list":{"0":"post-292003","1":"product","2":"type-product","3":"status-publish","4":"has-post-thumbnail","6":"product_cat-libros","8":"first","9":"outofstock","10":"sale","11":"shipping-taxable","12":"purchasable","13":"product-type-simple"},"_links":{"self":[{"href":"https:\/\/chulointeriors.com\/es\/wp-json\/wp\/v2\/product\/292003","targetHints":{"allow":["GET"]}}],"collection":[{"href":"https:\/\/chulointeriors.com\/es\/wp-json\/wp\/v2\/product"}],"about":[{"href":"https:\/\/chulointeriors.com\/es\/wp-json\/wp\/v2\/types\/product"}],"replies":[{"embeddable":true,"href":"https:\/\/chulointeriors.com\/es\/wp-json\/wp\/v2\/comments?post=292003"}],"wp:featuredmedia":[{"embeddable":true,"href":"https:\/\/chulointeriors.com\/es\/wp-json\/wp\/v2\/media\/291585"}],"wp:attachment":[{"href":"https:\/\/chulointeriors.com\/es\/wp-json\/wp\/v2\/media?parent=292003"}],"wp:term":[{"taxonomy":"product_brand","embeddable":true,"href":"https:\/\/chulointeriors.com\/es\/wp-json\/wp\/v2\/product_brand?post=292003"},{"taxonomy":"product_cat","embeddable":true,"href":"https:\/\/chulointeriors.com\/es\/wp-json\/wp\/v2\/product_cat?post=292003"},{"taxonomy":"product_tag","embeddable":true,"href":"https:\/\/chulointeriors.com\/es\/wp-json\/wp\/v2\/product_tag?post=292003"}],"curies":[{"name":"wp","href":"https:\/\/api.w.org\/{rel}","templated":true}]}}