{"id":292002,"date":"2023-08-27T15:02:44","date_gmt":"2023-08-27T13:02:44","guid":{"rendered":"https:\/\/chulointeriors.com\/product\/still-el-lento-regreso-a-casa\/"},"modified":"2024-03-19T21:55:16","modified_gmt":"2024-03-19T19:55:16","slug":"still-el-lento-regreso-a-casa","status":"publish","type":"product","link":"https:\/\/chulointeriors.com\/es\/product\/still-el-lento-regreso-a-casa\/","title":{"rendered":"Still &#8211; El lento regreso a casa"},"content":{"rendered":"<p>Still es un libro de interiores incre\u00edblemente fotografiado que invita a los lectores a asumir la filosof\u00eda del movimiento SLOW. Vivir de forma sostenible. Local. Ecol\u00f3gico. E \u00cdntegro.<\/p>\n<p>Still presenta 20 estudios en profundidad de interiores inspiradores dise\u00f1ados seg\u00fan los principios SLOW. Los propietarios explican por qu\u00e9 eligieron este camino y c\u00f3mo ha beneficiado a sus vidas. Todas las casas han sido fotografiadas en exclusiva por el prestigioso fot\u00f3grafo de interiores Chris Warnes. El libro presenta casas de Australia, Europa, Norteam\u00e9rica, Sudam\u00e9rica y Norte de \u00c1frica, ofreciendo a los lectores la oportunidad de ver ejemplos excepcionales de interiores SLOW de todo el mundo.<\/p>\n<p>Sum\u00e9rjase en estos espacios tranquilos.<\/p>\n","protected":false},"excerpt":{"rendered":"<p>Still es un libro de interiores incre\u00edblemente fotografiado que invita a los lectores a asumir la filosof\u00eda del movimiento SLOW. Vivir de forma sostenible. Local. Ecol\u00f3gico. E \u00cdntegro. Still presenta 20 estudios en profundidad de interiores inspiradores dise\u00f1ados seg\u00fan los principios SLOW. Los propietarios explican por qu\u00e9 eligieron este camino y c\u00f3mo ha beneficiado a [&hellip;]<\/p>\n","protected":false},"featured_media":291591,"comment_status":"open","ping_status":"closed","template":"","meta":{"_et_pb_use_builder":"","_et_pb_old_content":"","_et_gb_content_width":""},"product_brand":[],"product_cat":[746],"product_tag":[],"class_list":{"0":"post-292002","1":"product","2":"type-product","3":"status-publish","4":"has-post-thumbnail","6":"product_cat-libros","8":"first","9":"instock","10":"sale","11":"shipping-taxable","12":"purchasable","13":"product-type-simple"},"_links":{"self":[{"href":"https:\/\/chulointeriors.com\/es\/wp-json\/wp\/v2\/product\/292002","targetHints":{"allow":["GET"]}}],"collection":[{"href":"https:\/\/chulointeriors.com\/es\/wp-json\/wp\/v2\/product"}],"about":[{"href":"https:\/\/chulointeriors.com\/es\/wp-json\/wp\/v2\/types\/product"}],"replies":[{"embeddable":true,"href":"https:\/\/chulointeriors.com\/es\/wp-json\/wp\/v2\/comments?post=292002"}],"wp:featuredmedia":[{"embeddable":true,"href":"https:\/\/chulointeriors.com\/es\/wp-json\/wp\/v2\/media\/291591"}],"wp:attachment":[{"href":"https:\/\/chulointeriors.com\/es\/wp-json\/wp\/v2\/media?parent=292002"}],"wp:term":[{"taxonomy":"product_brand","embeddable":true,"href":"https:\/\/chulointeriors.com\/es\/wp-json\/wp\/v2\/product_brand?post=292002"},{"taxonomy":"product_cat","embeddable":true,"href":"https:\/\/chulointeriors.com\/es\/wp-json\/wp\/v2\/product_cat?post=292002"},{"taxonomy":"product_tag","embeddable":true,"href":"https:\/\/chulointeriors.com\/es\/wp-json\/wp\/v2\/product_tag?post=292002"}],"curies":[{"name":"wp","href":"https:\/\/api.w.org\/{rel}","templated":true}]}}