{"id":292001,"date":"2023-08-27T15:12:51","date_gmt":"2023-08-27T13:12:51","guid":{"rendered":"https:\/\/chulointeriors.com\/product\/los-principios-del-bienestar-cocina-para-una-vida-sana\/"},"modified":"2023-11-16T12:26:49","modified_gmt":"2023-11-16T10:26:49","slug":"los-principios-del-bienestar-cocina-para-una-vida-sana","status":"publish","type":"product","link":"https:\/\/chulointeriors.com\/es\/product\/los-principios-del-bienestar-cocina-para-una-vida-sana\/","title":{"rendered":"Los principios del bienestar: Cocina para una vida sana"},"content":{"rendered":"<p>De la mano de un m\u00e9dico mundialmente reconocido y apreciado, una gu\u00eda accesible con 100 deliciosas recetas de eficacia probada para llevar una vida sana: comer bien, vivir bien y mantenerse bien.<\/p>\n<p>Por primera vez, Gary Deng MD, PhD presenta al gran p\u00fablico su exclusivo y respetado enfoque del bienestar, respaldado por pruebas cient\u00edficas y apreciado por sus pacientes. Teniendo en cuenta su aprendizaje tras a\u00f1os de medicina cl\u00ednica en el principal centro oncol\u00f3gico del mundo, combinado con su pasi\u00f3n por la cocina casera nutritiva, la gu\u00eda autorizada de Deng para una alimentaci\u00f3n y una vida equilibradas y conscientes incluye tanto 100 recetas como consejos de expertos m\u00e1s all\u00e1 del plato. Incorpora filosof\u00edas m\u00e9dicas tradicionales y hol\u00edsticas como camino hacia una salud \u00f3ptima y es el libro ideal para cualquiera que desee comer m\u00e1s sano, disfrutar de ingredientes frescos, dejarse guiar hacia un estilo de vida m\u00e1s hol\u00edstico, mantener la salud o buscar el camino nutricional ideal hacia el bienestar.<\/p>\n","protected":false},"excerpt":{"rendered":"<p>De la mano de un m\u00e9dico mundialmente reconocido y apreciado, una gu\u00eda accesible con 100 deliciosas recetas de eficacia probada para llevar una vida sana: comer bien, vivir bien y mantenerse bien. Por primera vez, Gary Deng MD, PhD presenta al gran p\u00fablico su exclusivo y respetado enfoque del bienestar, respaldado por pruebas cient\u00edficas y [&hellip;]<\/p>\n","protected":false},"featured_media":291596,"comment_status":"open","ping_status":"closed","template":"","meta":{"_et_pb_use_builder":"","_et_pb_old_content":"","_et_gb_content_width":""},"product_brand":[],"product_cat":[746],"product_tag":[],"class_list":{"0":"post-292001","1":"product","2":"type-product","3":"status-publish","4":"has-post-thumbnail","6":"product_cat-libros","8":"first","9":"outofstock","10":"shipping-taxable","11":"purchasable","12":"product-type-simple"},"_links":{"self":[{"href":"https:\/\/chulointeriors.com\/es\/wp-json\/wp\/v2\/product\/292001","targetHints":{"allow":["GET"]}}],"collection":[{"href":"https:\/\/chulointeriors.com\/es\/wp-json\/wp\/v2\/product"}],"about":[{"href":"https:\/\/chulointeriors.com\/es\/wp-json\/wp\/v2\/types\/product"}],"replies":[{"embeddable":true,"href":"https:\/\/chulointeriors.com\/es\/wp-json\/wp\/v2\/comments?post=292001"}],"wp:featuredmedia":[{"embeddable":true,"href":"https:\/\/chulointeriors.com\/es\/wp-json\/wp\/v2\/media\/291596"}],"wp:attachment":[{"href":"https:\/\/chulointeriors.com\/es\/wp-json\/wp\/v2\/media?parent=292001"}],"wp:term":[{"taxonomy":"product_brand","embeddable":true,"href":"https:\/\/chulointeriors.com\/es\/wp-json\/wp\/v2\/product_brand?post=292001"},{"taxonomy":"product_cat","embeddable":true,"href":"https:\/\/chulointeriors.com\/es\/wp-json\/wp\/v2\/product_cat?post=292001"},{"taxonomy":"product_tag","embeddable":true,"href":"https:\/\/chulointeriors.com\/es\/wp-json\/wp\/v2\/product_tag?post=292001"}],"curies":[{"name":"wp","href":"https:\/\/api.w.org\/{rel}","templated":true}]}}