{"id":292000,"date":"2023-08-27T15:18:24","date_gmt":"2023-08-27T13:18:24","guid":{"rendered":"https:\/\/chulointeriors.com\/product\/esto-es-casa\/"},"modified":"2024-03-19T21:56:49","modified_gmt":"2024-03-19T19:56:49","slug":"esto-es-casa","status":"publish","type":"product","link":"https:\/\/chulointeriors.com\/es\/product\/esto-es-casa\/","title":{"rendered":"Esto es casa"},"content":{"rendered":"<p>This is Home es una gu\u00eda b\u00e1sica sobre c\u00f3mo crear interiores aut\u00e9nticos e \u00edntegros. Se trata de vivir con sencillez: encontrar la esencia de lo que te hace feliz en casa y crear espacios que reflejen tus necesidades y tu estilo. Lleno de ideas ingeniosas y espacios creativos, demuestra que no se necesita un presupuesto enorme para crear un hogar hermoso. This is Home ofrece ejemplos y estudios de casos de lugares con un aire global y atemporal que no siempre han sido renovados en el sentido tradicional, sino que son verdaderos hogares. Con ocho estudios de casos de Australia, EE.UU. y Europa, y casi 200 fotograf\u00edas en color, This is Home le inspirar\u00e1 con lugares bellos y aut\u00e9nticos en los que querr\u00e1 estar, hoy mismo.<\/p>\n<p><strong>Los cap\u00edtulos incluyen:<\/strong><br \/>El panorama general: c\u00f3mo determinar tu personalidad decorativa y lo que es aut\u00e9ntico para ti.<br \/>Empezar de nuevo: dejar atr\u00e1s el pasado y crear un hogar para la persona que eres hoy, centr\u00e1ndose en la toma de decisiones y el arte de la edici\u00f3n.<br \/>Vivir el presente: Elabora un presupuesto para tu tiempo y tu dinero utilizando tus valores como gu\u00eda. D\u00f3nde puedes gastar y ahorrar a la hora de crear interiores duraderos.<br \/>El arte del ingenio: Piensa de forma creativa, no cara, a la hora de hacer cambios en casa. Ir m\u00e1s all\u00e1 de lo habitual puede ayudarle a crear un hogar que sea inconfundiblemente suyo.<br \/>La poes\u00eda del espacio: Los espacios que triunfan se basan en sumas y restas, positivos y negativos. C\u00f3mo crear equilibrio en una habitaci\u00f3n y reflejar al mismo tiempo su estilo decorativo.<br \/>La sensaci\u00f3n de un hogar: Cree interiores que le hagan sentir y tengan una conexi\u00f3n emocional. C\u00f3mo introducir elementos decorativos para crear interiores aut\u00e9nticos.<br \/>Espacios circundantes: Ideas clave que debe tener en cuenta al crear su lugar en relaci\u00f3n con su entorno: desde el paisaje circundante hasta la comunidad local.<br \/>Mantener el enfoque: Formas de hacer evolucionar lo que es importante para usted y mantener el enfoque en su est\u00e9tica y estilo de vida.<br \/>Renovaci\u00f3n feliz: c\u00f3mo mantener fresca su casa sin revisiones agotadoras o costosas.<br \/>Descansar y revivir: c\u00f3mo nuestros hogares pueden funcionar como un lugar para descansar el cuerpo, regocijarnos en nuestras relaciones y restaurar nuestros valores.<\/p>\n","protected":false},"excerpt":{"rendered":"<p>This is Home es una gu\u00eda b\u00e1sica sobre c\u00f3mo crear interiores aut\u00e9nticos e \u00edntegros. Se trata de vivir con sencillez: encontrar la esencia de lo que te hace feliz en casa y crear espacios que reflejen tus necesidades y tu estilo. Lleno de ideas ingeniosas y espacios creativos, demuestra que no se necesita un presupuesto [&hellip;]<\/p>\n","protected":false},"featured_media":291600,"comment_status":"open","ping_status":"closed","template":"","meta":{"_et_pb_use_builder":"","_et_pb_old_content":"","_et_gb_content_width":""},"product_brand":[],"product_cat":[746],"product_tag":[],"class_list":{"0":"post-292000","1":"product","2":"type-product","3":"status-publish","4":"has-post-thumbnail","6":"product_cat-libros","8":"first","9":"instock","10":"sale","11":"shipping-taxable","12":"purchasable","13":"product-type-simple"},"_links":{"self":[{"href":"https:\/\/chulointeriors.com\/es\/wp-json\/wp\/v2\/product\/292000","targetHints":{"allow":["GET"]}}],"collection":[{"href":"https:\/\/chulointeriors.com\/es\/wp-json\/wp\/v2\/product"}],"about":[{"href":"https:\/\/chulointeriors.com\/es\/wp-json\/wp\/v2\/types\/product"}],"replies":[{"embeddable":true,"href":"https:\/\/chulointeriors.com\/es\/wp-json\/wp\/v2\/comments?post=292000"}],"wp:featuredmedia":[{"embeddable":true,"href":"https:\/\/chulointeriors.com\/es\/wp-json\/wp\/v2\/media\/291600"}],"wp:attachment":[{"href":"https:\/\/chulointeriors.com\/es\/wp-json\/wp\/v2\/media?parent=292000"}],"wp:term":[{"taxonomy":"product_brand","embeddable":true,"href":"https:\/\/chulointeriors.com\/es\/wp-json\/wp\/v2\/product_brand?post=292000"},{"taxonomy":"product_cat","embeddable":true,"href":"https:\/\/chulointeriors.com\/es\/wp-json\/wp\/v2\/product_cat?post=292000"},{"taxonomy":"product_tag","embeddable":true,"href":"https:\/\/chulointeriors.com\/es\/wp-json\/wp\/v2\/product_tag?post=292000"}],"curies":[{"name":"wp","href":"https:\/\/api.w.org\/{rel}","templated":true}]}}