{"id":291999,"date":"2025-02-11T15:23:38","date_gmt":"2025-02-11T13:23:38","guid":{"rendered":"https:\/\/chulointeriors.com\/product\/axel-vervoordt-inspiraciones-wabi\/"},"modified":"2025-02-11T13:46:42","modified_gmt":"2025-02-11T11:46:42","slug":"axel-vervoordt-inspiraciones-wabi","status":"publish","type":"product","link":"https:\/\/chulointeriors.com\/es\/product\/axel-vervoordt-inspiraciones-wabi\/","title":{"rendered":"Axel Vervoordt: Inspiraciones Wabi"},"content":{"rendered":"<p>Wabi es un concepto japon\u00e9s que deriva de la sencillez y la autenticidad. Valora la belleza en la imperfecci\u00f3n. Elegancia en los materiales naturales, nobleza sin sofisticaci\u00f3n, atemporalidad con tradici\u00f3n: estos son los principios que definen la visi\u00f3n personal de Axel Vervoordt sobre este concepto. En este libro, nos desvela sus interiores inspirados en Wabi, mostrando a los lectores c\u00f3mo crear espacios tranquilos y apacibles en los que la belleza se destila hasta su forma m\u00e1s pura. Las fotograf\u00edas de Laziz Hamani nos sumergen en la atm\u00f3sfera \u00fanica de estas inspiraciones Wabi.<\/p>\n","protected":false},"excerpt":{"rendered":"<p>Wabi es un concepto japon\u00e9s que deriva de la sencillez y la autenticidad. Valora la belleza en la imperfecci\u00f3n. Elegancia en los materiales naturales, nobleza sin sofisticaci\u00f3n, atemporalidad con tradici\u00f3n: estos son los principios que definen la visi\u00f3n personal de Axel Vervoordt sobre este concepto. En este libro, nos desvela sus interiores inspirados en Wabi, [&hellip;]<\/p>\n","protected":false},"featured_media":291604,"comment_status":"open","ping_status":"closed","template":"","meta":{"_et_pb_use_builder":"","_et_pb_old_content":"","_et_gb_content_width":""},"product_brand":[],"product_cat":[746],"product_tag":[],"class_list":{"0":"post-291999","1":"product","2":"type-product","3":"status-publish","4":"has-post-thumbnail","6":"product_cat-libros","8":"first","9":"outofstock","10":"sale","11":"shipping-taxable","12":"purchasable","13":"product-type-simple"},"_links":{"self":[{"href":"https:\/\/chulointeriors.com\/es\/wp-json\/wp\/v2\/product\/291999","targetHints":{"allow":["GET"]}}],"collection":[{"href":"https:\/\/chulointeriors.com\/es\/wp-json\/wp\/v2\/product"}],"about":[{"href":"https:\/\/chulointeriors.com\/es\/wp-json\/wp\/v2\/types\/product"}],"replies":[{"embeddable":true,"href":"https:\/\/chulointeriors.com\/es\/wp-json\/wp\/v2\/comments?post=291999"}],"wp:featuredmedia":[{"embeddable":true,"href":"https:\/\/chulointeriors.com\/es\/wp-json\/wp\/v2\/media\/291604"}],"wp:attachment":[{"href":"https:\/\/chulointeriors.com\/es\/wp-json\/wp\/v2\/media?parent=291999"}],"wp:term":[{"taxonomy":"product_brand","embeddable":true,"href":"https:\/\/chulointeriors.com\/es\/wp-json\/wp\/v2\/product_brand?post=291999"},{"taxonomy":"product_cat","embeddable":true,"href":"https:\/\/chulointeriors.com\/es\/wp-json\/wp\/v2\/product_cat?post=291999"},{"taxonomy":"product_tag","embeddable":true,"href":"https:\/\/chulointeriors.com\/es\/wp-json\/wp\/v2\/product_tag?post=291999"}],"curies":[{"name":"wp","href":"https:\/\/api.w.org\/{rel}","templated":true}]}}