{"id":291997,"date":"2023-08-27T15:32:51","date_gmt":"2023-08-27T13:32:51","guid":{"rendered":"https:\/\/chulointeriors.com\/product\/japon-el-recetario\/"},"modified":"2024-03-19T22:00:52","modified_gmt":"2024-03-19T20:00:52","slug":"japon-el-recetario","status":"publish","type":"product","link":"https:\/\/chulointeriors.com\/es\/product\/japon-el-recetario\/","title":{"rendered":"Jap\u00f3n &#8211; El recetario"},"content":{"rendered":"<p>La colecci\u00f3n definitiva de recetas caseras de una de las culturas culinarias m\u00e1s respetadas y queridas.<\/p>\n<p>Jap\u00f3n: The Cookbook contiene m\u00e1s de 400 suntuosas recetas de la aclamada escritora gastron\u00f3mica Nancy Singleton Hachisu. Las tradiciones ic\u00f3nicas y regionales de Jap\u00f3n est\u00e1n organizadas por platos y contienen notas perspicaces junto a las recetas. Los platos &#8211; sopas, fideos, arroces, encurtidos, platos \u00fanicos, dulces y verduras &#8211; son sencillos y elegantes.<\/p>\n<p>&#8220;Nancy Singleton Hachisu [&#8230;] desmitifica la tempura, el teppanyaki y el ramen, mientras que las fotos art\u00edsticas muestran los platos&#8221;&#8230; Sunday Times Travel Magazine<\/p>\n<p>&#8220;Ramen, sushi, salteados&#8230; Los platos t\u00edpicos de Jap\u00f3n son apreciados en todo el mundo, pero pueden ser dif\u00edciles de reproducir en casa. Jap\u00f3n, de Nancy Singleton Hachisu: El libro de cocina de Nancy Singleton Hachisu pretende desmitificar esos cl\u00e1sicos y muchos m\u00e1s. Dividido en 15 cap\u00edtulos por platos, el libro re\u00fane 400 recetas que exploran todos los rincones de Jap\u00f3n a trav\u00e9s de sopas, fideos, encurtidos, una olla, dulces y, por supuesto, muchas verduras, en un delicioso paquete&#8221;&#8230; Christie&#8217;s International Real Estate.<\/p>\n","protected":false},"excerpt":{"rendered":"<p>La colecci\u00f3n definitiva de recetas caseras de una de las culturas culinarias m\u00e1s respetadas y queridas. Jap\u00f3n: The Cookbook contiene m\u00e1s de 400 suntuosas recetas de la aclamada escritora gastron\u00f3mica Nancy Singleton Hachisu. Las tradiciones ic\u00f3nicas y regionales de Jap\u00f3n est\u00e1n organizadas por platos y contienen notas perspicaces junto a las recetas. Los platos &#8211; [&hellip;]<\/p>\n","protected":false},"featured_media":291610,"comment_status":"open","ping_status":"closed","template":"","meta":{"_et_pb_use_builder":"","_et_pb_old_content":"","_et_gb_content_width":""},"product_brand":[],"product_cat":[746],"product_tag":[],"class_list":{"0":"post-291997","1":"product","2":"type-product","3":"status-publish","4":"has-post-thumbnail","6":"product_cat-libros","8":"first","9":"instock","10":"sale","11":"shipping-taxable","12":"purchasable","13":"product-type-simple"},"_links":{"self":[{"href":"https:\/\/chulointeriors.com\/es\/wp-json\/wp\/v2\/product\/291997","targetHints":{"allow":["GET"]}}],"collection":[{"href":"https:\/\/chulointeriors.com\/es\/wp-json\/wp\/v2\/product"}],"about":[{"href":"https:\/\/chulointeriors.com\/es\/wp-json\/wp\/v2\/types\/product"}],"replies":[{"embeddable":true,"href":"https:\/\/chulointeriors.com\/es\/wp-json\/wp\/v2\/comments?post=291997"}],"wp:featuredmedia":[{"embeddable":true,"href":"https:\/\/chulointeriors.com\/es\/wp-json\/wp\/v2\/media\/291610"}],"wp:attachment":[{"href":"https:\/\/chulointeriors.com\/es\/wp-json\/wp\/v2\/media?parent=291997"}],"wp:term":[{"taxonomy":"product_brand","embeddable":true,"href":"https:\/\/chulointeriors.com\/es\/wp-json\/wp\/v2\/product_brand?post=291997"},{"taxonomy":"product_cat","embeddable":true,"href":"https:\/\/chulointeriors.com\/es\/wp-json\/wp\/v2\/product_cat?post=291997"},{"taxonomy":"product_tag","embeddable":true,"href":"https:\/\/chulointeriors.com\/es\/wp-json\/wp\/v2\/product_tag?post=291997"}],"curies":[{"name":"wp","href":"https:\/\/api.w.org\/{rel}","templated":true}]}}