{"id":291996,"date":"2023-08-27T15:51:17","date_gmt":"2023-08-27T13:51:17","guid":{"rendered":"https:\/\/chulointeriors.com\/product\/caja-de-laca-s-negra\/"},"modified":"2024-03-19T22:03:27","modified_gmt":"2024-03-19T20:03:27","slug":"caja-de-laca-s-negra","status":"publish","type":"product","link":"https:\/\/chulointeriors.com\/es\/product\/caja-de-laca-s-negra\/","title":{"rendered":"Caja de laca S negra"},"content":{"rendered":"<p>Caja lacada con una lib\u00e9lula en cuerno de b\u00fafalo. Realizada en madera MDF con 13-15 capas de laca. 12x12x10 cm.<br \/>Exterior negro, interior de cachemira.<br \/>Limpiar la caja con un pa\u00f1o suave y h\u00famedo. No utilizar productos de limpieza dom\u00e9sticos.<\/p>\n","protected":false},"excerpt":{"rendered":"<p>Caja lacada con una lib\u00e9lula en cuerno de b\u00fafalo. Realizada en madera MDF con 13-15 capas de laca. 12x12x10 cm.Exterior negro, interior de cachemira.Limpiar la caja con un pa\u00f1o suave y h\u00famedo. No utilizar productos de limpieza dom\u00e9sticos.<\/p>\n","protected":false},"featured_media":291614,"comment_status":"open","ping_status":"closed","template":"","meta":{"_et_pb_use_builder":"","_et_pb_old_content":"","_et_gb_content_width":""},"product_brand":[],"product_cat":[754],"product_tag":[],"class_list":{"0":"post-291996","1":"product","2":"type-product","3":"status-publish","4":"has-post-thumbnail","6":"product_cat-cajas","8":"first","9":"outofstock","10":"shipping-taxable","11":"purchasable","12":"product-type-simple"},"_links":{"self":[{"href":"https:\/\/chulointeriors.com\/es\/wp-json\/wp\/v2\/product\/291996","targetHints":{"allow":["GET"]}}],"collection":[{"href":"https:\/\/chulointeriors.com\/es\/wp-json\/wp\/v2\/product"}],"about":[{"href":"https:\/\/chulointeriors.com\/es\/wp-json\/wp\/v2\/types\/product"}],"replies":[{"embeddable":true,"href":"https:\/\/chulointeriors.com\/es\/wp-json\/wp\/v2\/comments?post=291996"}],"wp:featuredmedia":[{"embeddable":true,"href":"https:\/\/chulointeriors.com\/es\/wp-json\/wp\/v2\/media\/291614"}],"wp:attachment":[{"href":"https:\/\/chulointeriors.com\/es\/wp-json\/wp\/v2\/media?parent=291996"}],"wp:term":[{"taxonomy":"product_brand","embeddable":true,"href":"https:\/\/chulointeriors.com\/es\/wp-json\/wp\/v2\/product_brand?post=291996"},{"taxonomy":"product_cat","embeddable":true,"href":"https:\/\/chulointeriors.com\/es\/wp-json\/wp\/v2\/product_cat?post=291996"},{"taxonomy":"product_tag","embeddable":true,"href":"https:\/\/chulointeriors.com\/es\/wp-json\/wp\/v2\/product_tag?post=291996"}],"curies":[{"name":"wp","href":"https:\/\/api.w.org\/{rel}","templated":true}]}}