{"id":291991,"date":"2023-08-27T16:25:52","date_gmt":"2023-08-27T14:25:52","guid":{"rendered":"https:\/\/chulointeriors.com\/product\/bandeja-lacada-32x16-cm-rosa-viejo\/"},"modified":"2024-03-19T22:05:50","modified_gmt":"2024-03-19T20:05:50","slug":"bandeja-lacada-32x16-cm-rosa-viejo","status":"publish","type":"product","link":"https:\/\/chulointeriors.com\/es\/product\/bandeja-lacada-32x16-cm-rosa-viejo\/","title":{"rendered":"Bandeja lacada 32&#215;16 cm rosa viejo"},"content":{"rendered":"<p>Bandeja lacada 32x16x2 cm.<br \/>Fabricada en madera MDF con 13-15 capas de laca.<br \/>Limpiar con un pa\u00f1o suave y h\u00famedo. No utilizar productos de limpieza dom\u00e9sticos.<\/p>\n","protected":false},"excerpt":{"rendered":"<p>Bandeja lacada 32x16x2 cm.Fabricada en madera MDF con 13-15 capas de laca.Limpiar con un pa\u00f1o suave y h\u00famedo. No utilizar productos de limpieza dom\u00e9sticos.<\/p>\n","protected":false},"featured_media":291619,"comment_status":"open","ping_status":"closed","template":"","meta":{"_et_pb_use_builder":"","_et_pb_old_content":"","_et_gb_content_width":""},"product_brand":[],"product_cat":[754],"product_tag":[],"class_list":{"0":"post-291991","1":"product","2":"type-product","3":"status-publish","4":"has-post-thumbnail","6":"product_cat-cajas","8":"first","9":"instock","10":"shipping-taxable","11":"purchasable","12":"product-type-simple"},"_links":{"self":[{"href":"https:\/\/chulointeriors.com\/es\/wp-json\/wp\/v2\/product\/291991","targetHints":{"allow":["GET"]}}],"collection":[{"href":"https:\/\/chulointeriors.com\/es\/wp-json\/wp\/v2\/product"}],"about":[{"href":"https:\/\/chulointeriors.com\/es\/wp-json\/wp\/v2\/types\/product"}],"replies":[{"embeddable":true,"href":"https:\/\/chulointeriors.com\/es\/wp-json\/wp\/v2\/comments?post=291991"}],"wp:featuredmedia":[{"embeddable":true,"href":"https:\/\/chulointeriors.com\/es\/wp-json\/wp\/v2\/media\/291619"}],"wp:attachment":[{"href":"https:\/\/chulointeriors.com\/es\/wp-json\/wp\/v2\/media?parent=291991"}],"wp:term":[{"taxonomy":"product_brand","embeddable":true,"href":"https:\/\/chulointeriors.com\/es\/wp-json\/wp\/v2\/product_brand?post=291991"},{"taxonomy":"product_cat","embeddable":true,"href":"https:\/\/chulointeriors.com\/es\/wp-json\/wp\/v2\/product_cat?post=291991"},{"taxonomy":"product_tag","embeddable":true,"href":"https:\/\/chulointeriors.com\/es\/wp-json\/wp\/v2\/product_tag?post=291991"}],"curies":[{"name":"wp","href":"https:\/\/api.w.org\/{rel}","templated":true}]}}