{"id":291989,"date":"2023-08-27T16:31:58","date_gmt":"2023-08-27T14:31:58","guid":{"rendered":"https:\/\/chulointeriors.com\/product\/pantalla-indochina-blanco-calabaza\/"},"modified":"2024-03-19T22:08:47","modified_gmt":"2024-03-19T20:08:47","slug":"pantalla-indochina-blanco-calabaza","status":"publish","type":"product","link":"https:\/\/chulointeriors.com\/es\/product\/pantalla-indochina-blanco-calabaza\/","title":{"rendered":"Pantalla Indochina Blanco Calabaza"},"content":{"rendered":"<p>Pantalla de techo de seda 100% con cinta de algod\u00f3n.<br \/>El anillo met\u00e1lico es est\u00e1ndar para un casquillo E27. Utilice un m\u00e1ximo de 40 vatios.<br \/>Utilice un pa\u00f1o h\u00famedo para limpiar la pantalla. No utilice productos de limpieza dom\u00e9sticos.<br \/>El cable con enchufe y la cazoleta de techo deben adquirirse por separado.<\/p>\n","protected":false},"excerpt":{"rendered":"<p>Pantalla de techo de seda 100% con cinta de algod\u00f3n.El anillo met\u00e1lico es est\u00e1ndar para un casquillo E27. Utilice un m\u00e1ximo de 40 vatios.Utilice un pa\u00f1o h\u00famedo para limpiar la pantalla. No utilice productos de limpieza dom\u00e9sticos.El cable con enchufe y la cazoleta de techo deben adquirirse por separado.<\/p>\n","protected":false},"featured_media":291621,"comment_status":"open","ping_status":"closed","template":"","meta":{"_et_pb_use_builder":"","_et_pb_old_content":"","_et_gb_content_width":""},"product_brand":[],"product_cat":[784],"product_tag":[],"class_list":{"0":"post-291989","1":"product","2":"type-product","3":"status-publish","4":"has-post-thumbnail","6":"product_cat-pantallas","8":"first","9":"instock","10":"shipping-taxable","11":"purchasable","12":"product-type-simple"},"_links":{"self":[{"href":"https:\/\/chulointeriors.com\/es\/wp-json\/wp\/v2\/product\/291989","targetHints":{"allow":["GET"]}}],"collection":[{"href":"https:\/\/chulointeriors.com\/es\/wp-json\/wp\/v2\/product"}],"about":[{"href":"https:\/\/chulointeriors.com\/es\/wp-json\/wp\/v2\/types\/product"}],"replies":[{"embeddable":true,"href":"https:\/\/chulointeriors.com\/es\/wp-json\/wp\/v2\/comments?post=291989"}],"wp:featuredmedia":[{"embeddable":true,"href":"https:\/\/chulointeriors.com\/es\/wp-json\/wp\/v2\/media\/291621"}],"wp:attachment":[{"href":"https:\/\/chulointeriors.com\/es\/wp-json\/wp\/v2\/media?parent=291989"}],"wp:term":[{"taxonomy":"product_brand","embeddable":true,"href":"https:\/\/chulointeriors.com\/es\/wp-json\/wp\/v2\/product_brand?post=291989"},{"taxonomy":"product_cat","embeddable":true,"href":"https:\/\/chulointeriors.com\/es\/wp-json\/wp\/v2\/product_cat?post=291989"},{"taxonomy":"product_tag","embeddable":true,"href":"https:\/\/chulointeriors.com\/es\/wp-json\/wp\/v2\/product_tag?post=291989"}],"curies":[{"name":"wp","href":"https:\/\/api.w.org\/{rel}","templated":true}]}}