{"id":291986,"date":"2023-08-27T16:41:31","date_gmt":"2023-08-27T14:41:31","guid":{"rendered":"https:\/\/chulointeriors.com\/product\/portavelas-redondo-plegable\/"},"modified":"2023-11-16T12:25:13","modified_gmt":"2023-11-16T10:25:13","slug":"portavelas-redondo-plegable","status":"publish","type":"product","link":"https:\/\/chulointeriors.com\/es\/product\/portavelas-redondo-plegable\/","title":{"rendered":"Portavelas Redondo Plegable"},"content":{"rendered":"<p>El Portavelas Redondo Plegable es un art\u00edculo esencial para los amantes de las velas. Tiene elegantes detalles cuadrados, un dise\u00f1o limpio y l\u00edneas cl\u00e1sicas. Es el centro de mesa perfecto.<\/p>\n","protected":false},"excerpt":{"rendered":"<p>El Portavelas Redondo Plegable es un art\u00edculo esencial para los amantes de las velas. Tiene elegantes detalles cuadrados, un dise\u00f1o limpio y l\u00edneas cl\u00e1sicas. Es el centro de mesa perfecto.<\/p>\n","protected":false},"featured_media":291624,"comment_status":"open","ping_status":"closed","template":"","meta":{"_et_pb_use_builder":"","_et_pb_old_content":"","_et_gb_content_width":""},"product_brand":[],"product_cat":[755],"product_tag":[],"class_list":{"0":"post-291986","1":"product","2":"type-product","3":"status-publish","4":"has-post-thumbnail","6":"product_cat-portavelas","8":"first","9":"outofstock","10":"shipping-taxable","11":"purchasable","12":"product-type-simple"},"_links":{"self":[{"href":"https:\/\/chulointeriors.com\/es\/wp-json\/wp\/v2\/product\/291986","targetHints":{"allow":["GET"]}}],"collection":[{"href":"https:\/\/chulointeriors.com\/es\/wp-json\/wp\/v2\/product"}],"about":[{"href":"https:\/\/chulointeriors.com\/es\/wp-json\/wp\/v2\/types\/product"}],"replies":[{"embeddable":true,"href":"https:\/\/chulointeriors.com\/es\/wp-json\/wp\/v2\/comments?post=291986"}],"wp:featuredmedia":[{"embeddable":true,"href":"https:\/\/chulointeriors.com\/es\/wp-json\/wp\/v2\/media\/291624"}],"wp:attachment":[{"href":"https:\/\/chulointeriors.com\/es\/wp-json\/wp\/v2\/media?parent=291986"}],"wp:term":[{"taxonomy":"product_brand","embeddable":true,"href":"https:\/\/chulointeriors.com\/es\/wp-json\/wp\/v2\/product_brand?post=291986"},{"taxonomy":"product_cat","embeddable":true,"href":"https:\/\/chulointeriors.com\/es\/wp-json\/wp\/v2\/product_cat?post=291986"},{"taxonomy":"product_tag","embeddable":true,"href":"https:\/\/chulointeriors.com\/es\/wp-json\/wp\/v2\/product_tag?post=291986"}],"curies":[{"name":"wp","href":"https:\/\/api.w.org\/{rel}","templated":true}]}}