{"id":291985,"date":"2023-08-27T16:48:10","date_gmt":"2023-08-27T14:48:10","guid":{"rendered":"https:\/\/chulointeriors.com\/product\/jarron-checkered-s\/"},"modified":"2024-03-19T22:11:08","modified_gmt":"2024-03-19T20:11:08","slug":"jarron-checkered-s","status":"publish","type":"product","link":"https:\/\/chulointeriors.com\/es\/product\/jarron-checkered-s\/","title":{"rendered":"Jarr\u00f3n Checkered S"},"content":{"rendered":"<p>El jarr\u00f3n Checkered &#8211; S Beige Glass con dise\u00f1o de cuadros es un art\u00edculo que complementar\u00e1 armoniosamente un espacio o se convertir\u00e1 en una pieza de acento en un interior.<\/p>\n","protected":false},"excerpt":{"rendered":"<p>El jarr\u00f3n Checkered &#8211; S Beige Glass con dise\u00f1o de cuadros es un art\u00edculo que complementar\u00e1 armoniosamente un espacio o se convertir\u00e1 en una pieza de acento en un interior.<\/p>\n","protected":false},"featured_media":291626,"comment_status":"open","ping_status":"closed","template":"","meta":{"_et_pb_use_builder":"","_et_pb_old_content":"","_et_gb_content_width":""},"product_brand":[],"product_cat":[758],"product_tag":[],"class_list":{"0":"post-291985","1":"product","2":"type-product","3":"status-publish","4":"has-post-thumbnail","6":"product_cat-jarrones","8":"first","9":"instock","10":"sale","11":"shipping-taxable","12":"purchasable","13":"product-type-simple"},"_links":{"self":[{"href":"https:\/\/chulointeriors.com\/es\/wp-json\/wp\/v2\/product\/291985","targetHints":{"allow":["GET"]}}],"collection":[{"href":"https:\/\/chulointeriors.com\/es\/wp-json\/wp\/v2\/product"}],"about":[{"href":"https:\/\/chulointeriors.com\/es\/wp-json\/wp\/v2\/types\/product"}],"replies":[{"embeddable":true,"href":"https:\/\/chulointeriors.com\/es\/wp-json\/wp\/v2\/comments?post=291985"}],"wp:featuredmedia":[{"embeddable":true,"href":"https:\/\/chulointeriors.com\/es\/wp-json\/wp\/v2\/media\/291626"}],"wp:attachment":[{"href":"https:\/\/chulointeriors.com\/es\/wp-json\/wp\/v2\/media?parent=291985"}],"wp:term":[{"taxonomy":"product_brand","embeddable":true,"href":"https:\/\/chulointeriors.com\/es\/wp-json\/wp\/v2\/product_brand?post=291985"},{"taxonomy":"product_cat","embeddable":true,"href":"https:\/\/chulointeriors.com\/es\/wp-json\/wp\/v2\/product_cat?post=291985"},{"taxonomy":"product_tag","embeddable":true,"href":"https:\/\/chulointeriors.com\/es\/wp-json\/wp\/v2\/product_tag?post=291985"}],"curies":[{"name":"wp","href":"https:\/\/api.w.org\/{rel}","templated":true}]}}