{"id":291984,"date":"2023-08-27T17:55:20","date_gmt":"2023-08-27T15:55:20","guid":{"rendered":"https:\/\/chulointeriors.com\/product\/jarron-de-hong-kong\/"},"modified":"2024-03-19T22:11:59","modified_gmt":"2024-03-19T20:11:59","slug":"jarron-de-hong-kong","status":"publish","type":"product","link":"https:\/\/chulointeriors.com\/es\/product\/jarron-de-hong-kong\/","title":{"rendered":"Jarr\u00f3n Hong Kong"},"content":{"rendered":"<p>El Jarr\u00f3n Hong Kong de Norman Trapman para POLSPOTTEN adopta la forma juguetona y elegante del estilo ic\u00f3nico de Norman. Con una silueta sutil, pero claramente redondeada, crea un aire de diversi\u00f3n en cualquier espacio. El jarr\u00f3n Hong Kong tambi\u00e9n ha coprotagonizado un cortometraje con la galardonada actriz Tilda Swinton.<\/p>\n","protected":false},"excerpt":{"rendered":"<p>El Jarr\u00f3n Hong Kong de Norman Trapman para POLSPOTTEN adopta la forma juguetona y elegante del estilo ic\u00f3nico de Norman. Con una silueta sutil, pero claramente redondeada, crea un aire de diversi\u00f3n en cualquier espacio. El jarr\u00f3n Hong Kong tambi\u00e9n ha coprotagonizado un cortometraje con la galardonada actriz Tilda Swinton.<\/p>\n","protected":false},"featured_media":291628,"comment_status":"open","ping_status":"closed","template":"","meta":{"_et_pb_use_builder":"","_et_pb_old_content":"","_et_gb_content_width":""},"product_brand":[],"product_cat":[758],"product_tag":[],"class_list":{"0":"post-291984","1":"product","2":"type-product","3":"status-publish","4":"has-post-thumbnail","6":"product_cat-jarrones","8":"first","9":"outofstock","10":"sale","11":"shipping-taxable","12":"purchasable","13":"product-type-simple"},"_links":{"self":[{"href":"https:\/\/chulointeriors.com\/es\/wp-json\/wp\/v2\/product\/291984","targetHints":{"allow":["GET"]}}],"collection":[{"href":"https:\/\/chulointeriors.com\/es\/wp-json\/wp\/v2\/product"}],"about":[{"href":"https:\/\/chulointeriors.com\/es\/wp-json\/wp\/v2\/types\/product"}],"replies":[{"embeddable":true,"href":"https:\/\/chulointeriors.com\/es\/wp-json\/wp\/v2\/comments?post=291984"}],"wp:featuredmedia":[{"embeddable":true,"href":"https:\/\/chulointeriors.com\/es\/wp-json\/wp\/v2\/media\/291628"}],"wp:attachment":[{"href":"https:\/\/chulointeriors.com\/es\/wp-json\/wp\/v2\/media?parent=291984"}],"wp:term":[{"taxonomy":"product_brand","embeddable":true,"href":"https:\/\/chulointeriors.com\/es\/wp-json\/wp\/v2\/product_brand?post=291984"},{"taxonomy":"product_cat","embeddable":true,"href":"https:\/\/chulointeriors.com\/es\/wp-json\/wp\/v2\/product_cat?post=291984"},{"taxonomy":"product_tag","embeddable":true,"href":"https:\/\/chulointeriors.com\/es\/wp-json\/wp\/v2\/product_tag?post=291984"}],"curies":[{"name":"wp","href":"https:\/\/api.w.org\/{rel}","templated":true}]}}