{"id":291983,"date":"2023-08-27T19:54:45","date_gmt":"2023-08-27T17:54:45","guid":{"rendered":"https:\/\/chulointeriors.com\/product\/jarrones-romanos-set-3\/"},"modified":"2023-11-16T12:24:57","modified_gmt":"2023-11-16T10:24:57","slug":"jarrones-romanos-set-3","status":"publish","type":"product","link":"https:\/\/chulointeriors.com\/es\/product\/jarrones-romanos-set-3\/","title":{"rendered":"Jarrones romanos set 3"},"content":{"rendered":"<p>Nuestros jarrones romanos son tan aut\u00e9nticos y bellos como los de la antigua Roma. Con un recubrimiento de polvo en tonos contempor\u00e1neos y un acabado con una textura \u00fanica, son el equilibrio perfecto entre el encanto del viejo mundo y la comodidad contempor\u00e1nea. Cada jarr\u00f3n est\u00e1 fabricado a mano en hierro robusto, con un aspecto sorprendentemente suave. Los jarrones romanos est\u00e1n disponibles en varios colores: comb\u00ednelos para conseguir el aspecto que m\u00e1s le guste.<\/p>\n","protected":false},"excerpt":{"rendered":"<p>Nuestros jarrones romanos son tan aut\u00e9nticos y bellos como los de la antigua Roma. Con un recubrimiento de polvo en tonos contempor\u00e1neos y un acabado con una textura \u00fanica, son el equilibrio perfecto entre el encanto del viejo mundo y la comodidad contempor\u00e1nea. Cada jarr\u00f3n est\u00e1 fabricado a mano en hierro robusto, con un aspecto [&hellip;]<\/p>\n","protected":false},"featured_media":291630,"comment_status":"open","ping_status":"closed","template":"","meta":{"_et_pb_use_builder":"","_et_pb_old_content":"","_et_gb_content_width":""},"product_brand":[],"product_cat":[758],"product_tag":[],"class_list":{"0":"post-291983","1":"product","2":"type-product","3":"status-publish","4":"has-post-thumbnail","6":"product_cat-jarrones","8":"first","9":"outofstock","10":"shipping-taxable","11":"purchasable","12":"product-type-simple"},"_links":{"self":[{"href":"https:\/\/chulointeriors.com\/es\/wp-json\/wp\/v2\/product\/291983","targetHints":{"allow":["GET"]}}],"collection":[{"href":"https:\/\/chulointeriors.com\/es\/wp-json\/wp\/v2\/product"}],"about":[{"href":"https:\/\/chulointeriors.com\/es\/wp-json\/wp\/v2\/types\/product"}],"replies":[{"embeddable":true,"href":"https:\/\/chulointeriors.com\/es\/wp-json\/wp\/v2\/comments?post=291983"}],"wp:featuredmedia":[{"embeddable":true,"href":"https:\/\/chulointeriors.com\/es\/wp-json\/wp\/v2\/media\/291630"}],"wp:attachment":[{"href":"https:\/\/chulointeriors.com\/es\/wp-json\/wp\/v2\/media?parent=291983"}],"wp:term":[{"taxonomy":"product_brand","embeddable":true,"href":"https:\/\/chulointeriors.com\/es\/wp-json\/wp\/v2\/product_brand?post=291983"},{"taxonomy":"product_cat","embeddable":true,"href":"https:\/\/chulointeriors.com\/es\/wp-json\/wp\/v2\/product_cat?post=291983"},{"taxonomy":"product_tag","embeddable":true,"href":"https:\/\/chulointeriors.com\/es\/wp-json\/wp\/v2\/product_tag?post=291983"}],"curies":[{"name":"wp","href":"https:\/\/api.w.org\/{rel}","templated":true}]}}