{"id":291982,"date":"2023-08-27T20:04:04","date_gmt":"2023-08-27T18:04:04","guid":{"rendered":"https:\/\/chulointeriors.com\/product\/portavelas-twiggy-s\/"},"modified":"2024-03-19T22:12:52","modified_gmt":"2024-03-19T20:12:52","slug":"portavelas-twiggy-s","status":"publish","type":"product","link":"https:\/\/chulointeriors.com\/es\/product\/portavelas-twiggy-s\/","title":{"rendered":"Portavelas Twiggy &#8211; S"},"content":{"rendered":"<p>El portavelas Twiggy es un molde de una rama de \u00e1rbol real. Al moldear la rama en lat\u00f3n coloreado con un acabado dorado brillante, pudimos crear una elegante pieza de arte que destacar\u00e1 en cualquier habitaci\u00f3n.<\/p>\n","protected":false},"excerpt":{"rendered":"<p>El portavelas Twiggy es un molde de una rama de \u00e1rbol real. Al moldear la rama en lat\u00f3n coloreado con un acabado dorado brillante, pudimos crear una elegante pieza de arte que destacar\u00e1 en cualquier habitaci\u00f3n.<\/p>\n","protected":false},"featured_media":291633,"comment_status":"open","ping_status":"closed","template":"","meta":{"_et_pb_use_builder":"","_et_pb_old_content":"","_et_gb_content_width":""},"product_brand":[],"product_cat":[755],"product_tag":[],"class_list":{"0":"post-291982","1":"product","2":"type-product","3":"status-publish","4":"has-post-thumbnail","6":"product_cat-portavelas","8":"first","9":"instock","10":"sale","11":"shipping-taxable","12":"purchasable","13":"product-type-simple"},"_links":{"self":[{"href":"https:\/\/chulointeriors.com\/es\/wp-json\/wp\/v2\/product\/291982","targetHints":{"allow":["GET"]}}],"collection":[{"href":"https:\/\/chulointeriors.com\/es\/wp-json\/wp\/v2\/product"}],"about":[{"href":"https:\/\/chulointeriors.com\/es\/wp-json\/wp\/v2\/types\/product"}],"replies":[{"embeddable":true,"href":"https:\/\/chulointeriors.com\/es\/wp-json\/wp\/v2\/comments?post=291982"}],"wp:featuredmedia":[{"embeddable":true,"href":"https:\/\/chulointeriors.com\/es\/wp-json\/wp\/v2\/media\/291633"}],"wp:attachment":[{"href":"https:\/\/chulointeriors.com\/es\/wp-json\/wp\/v2\/media?parent=291982"}],"wp:term":[{"taxonomy":"product_brand","embeddable":true,"href":"https:\/\/chulointeriors.com\/es\/wp-json\/wp\/v2\/product_brand?post=291982"},{"taxonomy":"product_cat","embeddable":true,"href":"https:\/\/chulointeriors.com\/es\/wp-json\/wp\/v2\/product_cat?post=291982"},{"taxonomy":"product_tag","embeddable":true,"href":"https:\/\/chulointeriors.com\/es\/wp-json\/wp\/v2\/product_tag?post=291982"}],"curies":[{"name":"wp","href":"https:\/\/api.w.org\/{rel}","templated":true}]}}