{"id":291968,"date":"2023-08-28T12:13:27","date_gmt":"2023-08-28T10:13:27","guid":{"rendered":"https:\/\/chulointeriors.com\/product\/lampara-de-techo-diseno-etnico-vintage-tisno-52\/"},"modified":"2024-03-19T17:18:47","modified_gmt":"2024-03-19T15:18:47","slug":"lampara-de-techo-diseno-etnico-vintage-tisno-52","status":"publish","type":"product","link":"https:\/\/chulointeriors.com\/es\/product\/lampara-de-techo-diseno-etnico-vintage-tisno-52\/","title":{"rendered":"L\u00e1mpara de techo Dise\u00f1o \u00e9tnico vintage Tisno 52"},"content":{"rendered":"<p>Exquisita l\u00e1mpara de techo de dise\u00f1o \u00e9tnico e inspiraci\u00f3n vintage con formas redondeadas realizada en rat\u00e1n con acabado natural combinado con hierro.<\/p>\n","protected":false},"excerpt":{"rendered":"<p>Exquisita l\u00e1mpara de techo de dise\u00f1o \u00e9tnico e inspiraci\u00f3n vintage con formas redondeadas realizada en rat\u00e1n con acabado natural combinado con hierro.<\/p>\n","protected":false},"featured_media":291658,"comment_status":"open","ping_status":"closed","template":"","meta":{"_et_pb_use_builder":"","_et_pb_old_content":"","_et_gb_content_width":""},"product_brand":[],"product_cat":[782],"product_tag":[],"class_list":{"0":"post-291968","1":"product","2":"type-product","3":"status-publish","4":"has-post-thumbnail","6":"product_cat-lamparas-de-techo","8":"first","9":"outofstock","10":"shipping-taxable","11":"purchasable","12":"product-type-simple"},"_links":{"self":[{"href":"https:\/\/chulointeriors.com\/es\/wp-json\/wp\/v2\/product\/291968","targetHints":{"allow":["GET"]}}],"collection":[{"href":"https:\/\/chulointeriors.com\/es\/wp-json\/wp\/v2\/product"}],"about":[{"href":"https:\/\/chulointeriors.com\/es\/wp-json\/wp\/v2\/types\/product"}],"replies":[{"embeddable":true,"href":"https:\/\/chulointeriors.com\/es\/wp-json\/wp\/v2\/comments?post=291968"}],"wp:featuredmedia":[{"embeddable":true,"href":"https:\/\/chulointeriors.com\/es\/wp-json\/wp\/v2\/media\/291658"}],"wp:attachment":[{"href":"https:\/\/chulointeriors.com\/es\/wp-json\/wp\/v2\/media?parent=291968"}],"wp:term":[{"taxonomy":"product_brand","embeddable":true,"href":"https:\/\/chulointeriors.com\/es\/wp-json\/wp\/v2\/product_brand?post=291968"},{"taxonomy":"product_cat","embeddable":true,"href":"https:\/\/chulointeriors.com\/es\/wp-json\/wp\/v2\/product_cat?post=291968"},{"taxonomy":"product_tag","embeddable":true,"href":"https:\/\/chulointeriors.com\/es\/wp-json\/wp\/v2\/product_tag?post=291968"}],"curies":[{"name":"wp","href":"https:\/\/api.w.org\/{rel}","templated":true}]}}