{"id":291965,"date":"2023-08-28T13:16:36","date_gmt":"2023-08-28T11:16:36","guid":{"rendered":"https:\/\/chulointeriors.com\/product\/jarron-coleccion-sequoia-grande\/"},"modified":"2024-03-19T17:26:36","modified_gmt":"2024-03-19T15:26:36","slug":"jarron-coleccion-sequoia-grande","status":"publish","type":"product","link":"https:\/\/chulointeriors.com\/es\/product\/jarron-coleccion-sequoia-grande\/","title":{"rendered":"Jarr\u00f3n colecci\u00f3n Sequoia (grande)"},"content":{"rendered":"<p>Jarr\u00f3n realizado en cer\u00e1mica. De l\u00edneas org\u00e1nicas y redondeadas, esta pieza est\u00e1 realizada en blanco mate con una textura rugosa muy natural al tacto. Dado el car\u00e1cter artesanal de estas piezas y lo especial de su esmalte, es muy posible que existan variaciones de una pieza a otra.<\/p>\n","protected":false},"excerpt":{"rendered":"<p>Jarr\u00f3n realizado en cer\u00e1mica. De l\u00edneas org\u00e1nicas y redondeadas, esta pieza est\u00e1 realizada en blanco mate con una textura rugosa muy natural al tacto. Dado el car\u00e1cter artesanal de estas piezas y lo especial de su esmalte, es muy posible que existan variaciones de una pieza a otra.<\/p>\n","protected":false},"featured_media":291667,"comment_status":"open","ping_status":"closed","template":"","meta":{"_et_pb_use_builder":"","_et_pb_old_content":"","_et_gb_content_width":""},"product_brand":[],"product_cat":[758],"product_tag":[],"class_list":{"0":"post-291965","1":"product","2":"type-product","3":"status-publish","4":"has-post-thumbnail","6":"product_cat-jarrones","8":"first","9":"outofstock","10":"shipping-taxable","11":"purchasable","12":"product-type-simple"},"_links":{"self":[{"href":"https:\/\/chulointeriors.com\/es\/wp-json\/wp\/v2\/product\/291965","targetHints":{"allow":["GET"]}}],"collection":[{"href":"https:\/\/chulointeriors.com\/es\/wp-json\/wp\/v2\/product"}],"about":[{"href":"https:\/\/chulointeriors.com\/es\/wp-json\/wp\/v2\/types\/product"}],"replies":[{"embeddable":true,"href":"https:\/\/chulointeriors.com\/es\/wp-json\/wp\/v2\/comments?post=291965"}],"wp:featuredmedia":[{"embeddable":true,"href":"https:\/\/chulointeriors.com\/es\/wp-json\/wp\/v2\/media\/291667"}],"wp:attachment":[{"href":"https:\/\/chulointeriors.com\/es\/wp-json\/wp\/v2\/media?parent=291965"}],"wp:term":[{"taxonomy":"product_brand","embeddable":true,"href":"https:\/\/chulointeriors.com\/es\/wp-json\/wp\/v2\/product_brand?post=291965"},{"taxonomy":"product_cat","embeddable":true,"href":"https:\/\/chulointeriors.com\/es\/wp-json\/wp\/v2\/product_cat?post=291965"},{"taxonomy":"product_tag","embeddable":true,"href":"https:\/\/chulointeriors.com\/es\/wp-json\/wp\/v2\/product_tag?post=291965"}],"curies":[{"name":"wp","href":"https:\/\/api.w.org\/{rel}","templated":true}]}}