{"id":291955,"date":"2023-08-29T11:31:40","date_gmt":"2023-08-29T09:31:40","guid":{"rendered":"https:\/\/chulointeriors.com\/product\/escultura-ceramica-japonesa-manga-larga\/"},"modified":"2025-01-21T17:17:39","modified_gmt":"2025-01-21T15:17:39","slug":"escultura-ceramica-japonesa-manga-larga","status":"publish","type":"product","link":"https:\/\/chulointeriors.com\/es\/product\/escultura-ceramica-japonesa-manga-larga\/","title":{"rendered":"Escultura cer\u00e1mica japonesa manga larga"},"content":{"rendered":"<p>Mujer japonesa con representaci\u00f3n conceptual y geom\u00e9trica de vestido tradicional y exageraci\u00f3n de mangas. Realizada en cer\u00e1mica de color blanco c\u00e1lido y acabado de textura rugosa.<\/p>\n","protected":false},"excerpt":{"rendered":"<p>Mujer japonesa con representaci\u00f3n conceptual y geom\u00e9trica de vestido tradicional y exageraci\u00f3n de mangas. Realizada en cer\u00e1mica de color blanco c\u00e1lido y acabado de textura rugosa.<\/p>\n","protected":false},"featured_media":291698,"comment_status":"open","ping_status":"closed","template":"","meta":{"_et_pb_use_builder":"","_et_pb_old_content":"","_et_gb_content_width":""},"product_brand":[],"product_cat":[757],"product_tag":[],"class_list":{"0":"post-291955","1":"product","2":"type-product","3":"status-publish","4":"has-post-thumbnail","6":"product_cat-esculturas","8":"first","9":"outofstock","10":"sale","11":"shipping-taxable","12":"purchasable","13":"product-type-simple"},"_links":{"self":[{"href":"https:\/\/chulointeriors.com\/es\/wp-json\/wp\/v2\/product\/291955","targetHints":{"allow":["GET"]}}],"collection":[{"href":"https:\/\/chulointeriors.com\/es\/wp-json\/wp\/v2\/product"}],"about":[{"href":"https:\/\/chulointeriors.com\/es\/wp-json\/wp\/v2\/types\/product"}],"replies":[{"embeddable":true,"href":"https:\/\/chulointeriors.com\/es\/wp-json\/wp\/v2\/comments?post=291955"}],"wp:featuredmedia":[{"embeddable":true,"href":"https:\/\/chulointeriors.com\/es\/wp-json\/wp\/v2\/media\/291698"}],"wp:attachment":[{"href":"https:\/\/chulointeriors.com\/es\/wp-json\/wp\/v2\/media?parent=291955"}],"wp:term":[{"taxonomy":"product_brand","embeddable":true,"href":"https:\/\/chulointeriors.com\/es\/wp-json\/wp\/v2\/product_brand?post=291955"},{"taxonomy":"product_cat","embeddable":true,"href":"https:\/\/chulointeriors.com\/es\/wp-json\/wp\/v2\/product_cat?post=291955"},{"taxonomy":"product_tag","embeddable":true,"href":"https:\/\/chulointeriors.com\/es\/wp-json\/wp\/v2\/product_tag?post=291955"}],"curies":[{"name":"wp","href":"https:\/\/api.w.org\/{rel}","templated":true}]}}